{"id":21930,"date":"2025-08-15T11:36:52","date_gmt":"2025-08-15T11:36:52","guid":{"rendered":"https:\/\/rodrilab.com\/?post_type=product&#038;p=21930"},"modified":"2025-11-13T09:58:07","modified_gmt":"2025-11-13T09:58:07","slug":"glamour","status":"publish","type":"product","link":"https:\/\/rodrilab.com\/en\/product\/glamour\/","title":{"rendered":"Glamour"},"content":{"rendered":"<p data-start=\"104\" data-end=\"423\"><strong data-start=\"104\" data-end=\"253\">Inspired by the rich Portuguese artisanal tradition, the Glamour Collection is a true celebration of cultural heritage and attention to detail.\nThis exclusive line stands out for its personalized embroidery, evoking ancestral techniques and honoring the handcrafted work so characteristic of Portuguese craftsmanship.<\/strong> This exclusive line stands out for its personalized embroidery, evoking ancestral techniques and honoring the handcrafted work so characteristic of Portuguese craftsmanship.<\/p>\n<p data-start=\"425\" data-end=\"743\">Revestida com linho de elevada qualidade, um material natural, org\u00e2nico e nobre, esta cole\u00e7\u00e3o alia sofistica\u00e7\u00e3o, durabilidade e autenticidade, resultando num produto distinto e atemporal. Cada pe\u00e7a \u00e9 cuidadosamente produzida para quem valoriza a beleza da simplicidade, os materiais puros e a ess\u00eancia das tradi\u00e7\u00f5es.<\/p>\n<p data-start=\"745\" data-end=\"1014\"><strong data-start=\"745\" data-end=\"893\">Perfect for preserving special moments, the Glamour Collection combines elegance and identity in a harmonious fusion of tradition and modernity.<\/strong><br data-start=\"893\" data-end=\"896\" \/>Production time is 12 working days, ensuring the highest level of craftsmanship and care in every detail.<\/p>","protected":false},"excerpt":{"rendered":"<p>Inspirada na rica tradi\u00e7\u00e3o artesanal portuguesa, a Glamour Collection \u00e9 uma verdadeira celebra\u00e7\u00e3o do patrim\u00f3nio cultural e da aten\u00e7\u00e3o ao<\/p>","protected":false},"featured_media":21377,"comment_status":"closed","ping_status":"closed","template":"","meta":{"rs_blank_template":"","rs_page_bg_color":"","slide_template_v7":"","inline_featured_image":false},"product_brand":[],"product_cat":[3077],"product_tag":[],"class_list":{"0":"post-21930","1":"product","2":"type-product","3":"status-publish","4":"has-post-thumbnail","6":"product_cat-albuns","8":"first","9":"instock","10":"taxable","11":"shipping-taxable","12":"product-type-variable"},"_links":{"self":[{"href":"https:\/\/rodrilab.com\/en\/wp-json\/wp\/v2\/product\/21930","targetHints":{"allow":["GET"]}}],"collection":[{"href":"https:\/\/rodrilab.com\/en\/wp-json\/wp\/v2\/product"}],"about":[{"href":"https:\/\/rodrilab.com\/en\/wp-json\/wp\/v2\/types\/product"}],"replies":[{"embeddable":true,"href":"https:\/\/rodrilab.com\/en\/wp-json\/wp\/v2\/comments?post=21930"}],"wp:featuredmedia":[{"embeddable":true,"href":"https:\/\/rodrilab.com\/en\/wp-json\/wp\/v2\/media\/21377"}],"wp:attachment":[{"href":"https:\/\/rodrilab.com\/en\/wp-json\/wp\/v2\/media?parent=21930"}],"wp:term":[{"taxonomy":"product_brand","embeddable":true,"href":"https:\/\/rodrilab.com\/en\/wp-json\/wp\/v2\/product_brand?post=21930"},{"taxonomy":"product_cat","embeddable":true,"href":"https:\/\/rodrilab.com\/en\/wp-json\/wp\/v2\/product_cat?post=21930"},{"taxonomy":"product_tag","embeddable":true,"href":"https:\/\/rodrilab.com\/en\/wp-json\/wp\/v2\/product_tag?post=21930"}],"curies":[{"name":"wp","href":"https:\/\/api.w.org\/{rel}","templated":true}]}}