{"id":21638,"date":"2025-07-29T17:43:08","date_gmt":"2025-07-29T17:43:08","guid":{"rendered":"https:\/\/rodrilab.com\/?post_type=product&#038;p=21638"},"modified":"2025-11-12T20:15:04","modified_gmt":"2025-11-12T20:15:04","slug":"acrylic","status":"publish","type":"product","link":"https:\/\/rodrilab.com\/en\/product\/acrylic\/","title":{"rendered":"Acrylic"},"content":{"rendered":"<p data-start=\"93\" data-end=\"117\">Acrylic Collection<\/p>\n<p data-start=\"118\" data-end=\"363\">A\u00a0 Linha <strong data-start=\"120\" data-end=\"142\">Acrylic Collection<\/strong> foi criada para quem procura um \u00e1lbum distinto, ousado e capaz de capturar todos os olhares.<\/p>\n<p data-start=\"118\" data-end=\"363\">A capa \u00e9 composta por duas partes, permitindo combinar o revestimento selecionado com uma imagem impressa em papel <em data-start=\"353\" data-end=\"360\">Pearl<\/em>.<\/p>\n<p data-start=\"365\" data-end=\"681\">Com uma ampla variedade de revestimentos dispon\u00edveis para a lombada e capa traseira, esta cole\u00e7\u00e3o oferece infinitas possibilidades de personaliza\u00e7\u00e3o.<\/p>\n<p data-start=\"365\" data-end=\"681\">\u00c9 a escolha perfeita para casais que desejam ver as suas mem\u00f3rias eternizadas de forma impactante, num \u00e1lbum que se destaca pela sua originalidade e sofistica\u00e7\u00e3o.<\/p>","protected":false},"excerpt":{"rendered":"<p>Acrylic Collection A\u00a0 Linha Acrylic Collection foi criada para quem procura um \u00e1lbum distinto, ousado e capaz de capturar todos<\/p>","protected":false},"featured_media":24722,"comment_status":"closed","ping_status":"closed","template":"","meta":{"rs_blank_template":"","rs_page_bg_color":"","slide_template_v7":"","inline_featured_image":false},"product_brand":[],"product_cat":[3077],"product_tag":[],"class_list":{"0":"post-21638","1":"product","2":"type-product","3":"status-publish","4":"has-post-thumbnail","6":"product_cat-albuns","8":"first","9":"instock","10":"taxable","11":"shipping-taxable","12":"product-type-variable"},"_links":{"self":[{"href":"https:\/\/rodrilab.com\/en\/wp-json\/wp\/v2\/product\/21638","targetHints":{"allow":["GET"]}}],"collection":[{"href":"https:\/\/rodrilab.com\/en\/wp-json\/wp\/v2\/product"}],"about":[{"href":"https:\/\/rodrilab.com\/en\/wp-json\/wp\/v2\/types\/product"}],"replies":[{"embeddable":true,"href":"https:\/\/rodrilab.com\/en\/wp-json\/wp\/v2\/comments?post=21638"}],"wp:featuredmedia":[{"embeddable":true,"href":"https:\/\/rodrilab.com\/en\/wp-json\/wp\/v2\/media\/24722"}],"wp:attachment":[{"href":"https:\/\/rodrilab.com\/en\/wp-json\/wp\/v2\/media?parent=21638"}],"wp:term":[{"taxonomy":"product_brand","embeddable":true,"href":"https:\/\/rodrilab.com\/en\/wp-json\/wp\/v2\/product_brand?post=21638"},{"taxonomy":"product_cat","embeddable":true,"href":"https:\/\/rodrilab.com\/en\/wp-json\/wp\/v2\/product_cat?post=21638"},{"taxonomy":"product_tag","embeddable":true,"href":"https:\/\/rodrilab.com\/en\/wp-json\/wp\/v2\/product_tag?post=21638"}],"curies":[{"name":"wp","href":"https:\/\/api.w.org\/{rel}","templated":true}]}}