{"id":21568,"date":"2025-07-22T18:31:31","date_gmt":"2025-07-22T18:31:31","guid":{"rendered":"https:\/\/rodrilab.com\/?post_type=product&#038;p=21568"},"modified":"2025-11-13T10:04:05","modified_gmt":"2025-11-13T10:04:05","slug":"canvas","status":"publish","type":"product","link":"https:\/\/rodrilab.com\/en\/product\/canvas\/","title":{"rendered":"Canvas"},"content":{"rendered":"<p><strong data-start=\"97\" data-end=\"128\">Telas de Qualidade Superior<\/strong><\/p>\n<p>Na <strong data-start=\"135\" data-end=\"147\">Rodrilab<\/strong>, utilizamos uma tela <strong data-start=\"169\" data-end=\"187\">100% poli\u00e9ster<\/strong> com apar\u00eancia de tela natural, garantindo impress\u00f5es de excelente qualidade e um acabamento sofisticado.<\/p>\n<p>Todas as telas s\u00e3o cuidadosamente aplicadas em bastidores de madeira, proporcionando <strong data-start=\"381\" data-end=\"412\">estabilidade e durabilidade<\/strong>.<\/p>\n<p><strong data-start=\"421\" data-end=\"459\">Prote\u00e7\u00e3o Adicional para a Sua Tela<\/strong><\/p>\n<p>Para prolongar a vida \u00fatil e preservar a qualidade da impress\u00e3o, recomendamos a aplica\u00e7\u00e3o de <strong data-start=\"555\" data-end=\"580\">verniz \u00e0 base de \u00e1gua<\/strong>, dispon\u00edvel nos acabamentos <strong data-start=\"609\" data-end=\"619\">brilho<\/strong> ou <strong data-start=\"623\" data-end=\"631\">mate<\/strong>.<br data-start=\"632\" data-end=\"635\" \/>Este revestimento oferece m\u00faltiplas vantagens:<\/p>\n<ul data-start=\"684\" data-end=\"924\">\n<li data-start=\"684\" data-end=\"720\">Prote\u00e7\u00e3o contra riscos e marcas.<\/li>\n<li data-start=\"721\" data-end=\"771\">Preven\u00e7\u00e3o do amarelecimento ao longo do tempo.<\/li>\n<li data-start=\"772\" data-end=\"818\">Alta flexibilidade para evitar rachaduras.<\/li>\n<li data-start=\"819\" data-end=\"869\">Fixa\u00e7\u00e3o das cores para prevenir desbotamentos.<\/li>\n<li data-start=\"870\" data-end=\"924\">Resist\u00eancia \u00e0 \u00e1gua, garantindo maior durabilidade.<\/li>\n<\/ul>\n<p><strong data-start=\"930\" data-end=\"957\">Informa\u00e7\u00f5es Importantes<\/strong><\/p>\n<ul data-start=\"960\" data-end=\"1199\">\n<li data-start=\"960\" data-end=\"1004\"><strong data-start=\"962\" data-end=\"1002\">Prazo de produ\u00e7\u00e3o: 4 a 5 dias \u00fateis.<\/strong><\/li>\n<li data-start=\"1005\" data-end=\"1199\">Para telas com dimens\u00f5es superiores a <strong data-start=\"1045\" data-end=\"1057\">40\u00d750 cm<\/strong>, as encomendas devem ser realizadas separadamente, devido a restri\u00e7\u00f5es log\u00edsticas de envio que as tornam incompat\u00edveis com outros produtos.<\/li>\n<\/ul>","protected":false},"excerpt":{"rendered":"<p>Telas de Qualidade Superior Na Rodrilab, utilizamos uma tela 100% poli\u00e9ster com apar\u00eancia de tela natural, garantindo impress\u00f5es de excelente<\/p>","protected":false},"featured_media":16410,"comment_status":"closed","ping_status":"closed","template":"","meta":{"rs_blank_template":"","rs_page_bg_color":"","slide_template_v7":"","inline_featured_image":false},"product_brand":[],"product_cat":[3079],"product_tag":[],"class_list":{"0":"post-21568","1":"product","2":"type-product","3":"status-publish","4":"has-post-thumbnail","6":"product_cat-decoracao","8":"first","9":"instock","10":"taxable","11":"shipping-taxable","12":"product-type-variable"},"_links":{"self":[{"href":"https:\/\/rodrilab.com\/en\/wp-json\/wp\/v2\/product\/21568","targetHints":{"allow":["GET"]}}],"collection":[{"href":"https:\/\/rodrilab.com\/en\/wp-json\/wp\/v2\/product"}],"about":[{"href":"https:\/\/rodrilab.com\/en\/wp-json\/wp\/v2\/types\/product"}],"replies":[{"embeddable":true,"href":"https:\/\/rodrilab.com\/en\/wp-json\/wp\/v2\/comments?post=21568"}],"wp:featuredmedia":[{"embeddable":true,"href":"https:\/\/rodrilab.com\/en\/wp-json\/wp\/v2\/media\/16410"}],"wp:attachment":[{"href":"https:\/\/rodrilab.com\/en\/wp-json\/wp\/v2\/media?parent=21568"}],"wp:term":[{"taxonomy":"product_brand","embeddable":true,"href":"https:\/\/rodrilab.com\/en\/wp-json\/wp\/v2\/product_brand?post=21568"},{"taxonomy":"product_cat","embeddable":true,"href":"https:\/\/rodrilab.com\/en\/wp-json\/wp\/v2\/product_cat?post=21568"},{"taxonomy":"product_tag","embeddable":true,"href":"https:\/\/rodrilab.com\/en\/wp-json\/wp\/v2\/product_tag?post=21568"}],"curies":[{"name":"wp","href":"https:\/\/api.w.org\/{rel}","templated":true}]}}