{"id":20452,"date":"2025-06-27T01:07:40","date_gmt":"2025-06-27T01:07:40","guid":{"rendered":"https:\/\/rodrilab.com\/?post_type=product&#038;p=20452"},"modified":"2025-11-13T11:15:32","modified_gmt":"2025-11-13T11:15:32","slug":"box-kart","status":"publish","type":"product","link":"https:\/\/rodrilab.com\/en\/product\/box-kart\/","title":{"rendered":"Box Kart"},"content":{"rendered":"<p data-start=\"148\" data-end=\"306\"><strong data-start=\"148\" data-end=\"160\">Box Kart<\/strong><br data-start=\"160\" data-end=\"163\" \/>A Box Kart \u00e9 uma caixa premium composta por duas pe\u00e7as em madeira, dispon\u00edvel em <strong data-start=\"244\" data-end=\"260\">v\u00e1rias cores<\/strong>, adaptando-se a todos os tamanhos de \u00e1lbum.<\/p>\n<p data-start=\"308\" data-end=\"487\">A tampa pode ser lisa em qualquer material, personaliz\u00e1vel com <strong data-start=\"371\" data-end=\"384\">Embossing<\/strong> (at\u00e9 3 linhas, quando aplic\u00e1vel), <strong data-start=\"419\" data-end=\"435\">Impress\u00e3o UV<\/strong> ou <strong data-start=\"439\" data-end=\"459\">Grava\u00e7\u00e3o a Laser<\/strong> nos materiais permitidos.<\/p>\n<p data-start=\"489\" data-end=\"696\">Tampa e base unem-se atrav\u00e9s de duas pe\u00e7as que podem ter espessuras diferentes: <strong data-start=\"569\" data-end=\"597\">2+2 cm, 2+3 cm ou 3+3 cm<\/strong>. Dependendo da quantidade de folhas do \u00e1lbum, a Box Kart pode ter <strong data-start=\"664\" data-end=\"693\">4, 5 ou 6 cm de espessura<\/strong>.<\/p>\n<p data-start=\"698\" data-end=\"828\">\u00c9 revestida com o material da sua prefer\u00eancia e inclui uma <strong data-start=\"757\" data-end=\"792\">fita dispon\u00edvel em v\u00e1rias cores<\/strong>, que facilita a remo\u00e7\u00e3o do \u00e1lbum.<\/p>","protected":false},"excerpt":{"rendered":"<p>Box KartA Box Kart \u00e9 uma caixa premium composta por duas pe\u00e7as em madeira, dispon\u00edvel em v\u00e1rias cores, adaptando-se a<\/p>","protected":false},"featured_media":16291,"comment_status":"closed","ping_status":"closed","template":"","meta":{"rs_blank_template":"","rs_page_bg_color":"","slide_template_v7":"","inline_featured_image":false},"product_brand":[],"product_cat":[81],"product_tag":[],"class_list":{"0":"post-20452","1":"product","2":"type-product","3":"status-publish","4":"has-post-thumbnail","6":"product_cat-embalagens","8":"first","9":"instock","10":"taxable","11":"shipping-taxable","12":"product-type-variable"},"_links":{"self":[{"href":"https:\/\/rodrilab.com\/en\/wp-json\/wp\/v2\/product\/20452","targetHints":{"allow":["GET"]}}],"collection":[{"href":"https:\/\/rodrilab.com\/en\/wp-json\/wp\/v2\/product"}],"about":[{"href":"https:\/\/rodrilab.com\/en\/wp-json\/wp\/v2\/types\/product"}],"replies":[{"embeddable":true,"href":"https:\/\/rodrilab.com\/en\/wp-json\/wp\/v2\/comments?post=20452"}],"wp:featuredmedia":[{"embeddable":true,"href":"https:\/\/rodrilab.com\/en\/wp-json\/wp\/v2\/media\/16291"}],"wp:attachment":[{"href":"https:\/\/rodrilab.com\/en\/wp-json\/wp\/v2\/media?parent=20452"}],"wp:term":[{"taxonomy":"product_brand","embeddable":true,"href":"https:\/\/rodrilab.com\/en\/wp-json\/wp\/v2\/product_brand?post=20452"},{"taxonomy":"product_cat","embeddable":true,"href":"https:\/\/rodrilab.com\/en\/wp-json\/wp\/v2\/product_cat?post=20452"},{"taxonomy":"product_tag","embeddable":true,"href":"https:\/\/rodrilab.com\/en\/wp-json\/wp\/v2\/product_tag?post=20452"}],"curies":[{"name":"wp","href":"https:\/\/api.w.org\/{rel}","templated":true}]}}