{"id":20058,"date":"2025-06-06T10:55:09","date_gmt":"2025-06-06T10:55:09","guid":{"rendered":"https:\/\/rodrilab.com\/?post_type=product&#038;p=20058"},"modified":"2026-04-23T14:06:51","modified_gmt":"2026-04-23T14:06:51","slug":"classic","status":"publish","type":"product","link":"https:\/\/rodrilab.com\/en\/product\/classic\/","title":{"rendered":"Classic"},"content":{"rendered":"<p data-start=\"62\" data-end=\"128\"><strong data-start=\"136\" data-end=\"153\">Classic Collection<\/strong><\/p>\n<p data-start=\"62\" data-end=\"128\">Inspirada nos designs originais dos \u00e1lbuns de fotografia tradicionais, a Linha Classic distingue-se pela sua eleg\u00e2ncia intemporal.<\/p>\n<p data-start=\"62\" data-end=\"128\">A capa pode ser composta por uma ou duas pe\u00e7as, com v\u00e1rias op\u00e7\u00f5es de revestimento dispon\u00edveis numa ampla paleta de cores, desde os tons mais discretos aos mais vibrantes.<\/p>\n<p data-start=\"62\" data-end=\"128\">\u00c9 a escolha ideal para quem valoriza um \u00e1lbum cl\u00e1ssico, sofisticado e feito para durar, superando as expectativas at\u00e9 dos clientes mais exigentes.<\/p>\n<p data-start=\"62\" data-end=\"128\">A remarkable album that stands out and adds charm to any setting.<\/p>","protected":false},"excerpt":{"rendered":"<p>Classic Collection Inspirada nos designs originais dos \u00e1lbuns de fotografia tradicionais, a Linha Classic distingue-se pela sua eleg\u00e2ncia intemporal. A<\/p>","protected":false},"featured_media":18456,"comment_status":"closed","ping_status":"closed","template":"","meta":{"rs_blank_template":"","rs_page_bg_color":"","slide_template_v7":"","inline_featured_image":false},"product_brand":[],"product_cat":[3077],"product_tag":[],"class_list":{"0":"post-20058","1":"product","2":"type-product","3":"status-publish","4":"has-post-thumbnail","6":"product_cat-albuns","8":"first","9":"instock","10":"taxable","11":"shipping-taxable","12":"product-type-variable"},"_links":{"self":[{"href":"https:\/\/rodrilab.com\/en\/wp-json\/wp\/v2\/product\/20058","targetHints":{"allow":["GET"]}}],"collection":[{"href":"https:\/\/rodrilab.com\/en\/wp-json\/wp\/v2\/product"}],"about":[{"href":"https:\/\/rodrilab.com\/en\/wp-json\/wp\/v2\/types\/product"}],"replies":[{"embeddable":true,"href":"https:\/\/rodrilab.com\/en\/wp-json\/wp\/v2\/comments?post=20058"}],"wp:featuredmedia":[{"embeddable":true,"href":"https:\/\/rodrilab.com\/en\/wp-json\/wp\/v2\/media\/18456"}],"wp:attachment":[{"href":"https:\/\/rodrilab.com\/en\/wp-json\/wp\/v2\/media?parent=20058"}],"wp:term":[{"taxonomy":"product_brand","embeddable":true,"href":"https:\/\/rodrilab.com\/en\/wp-json\/wp\/v2\/product_brand?post=20058"},{"taxonomy":"product_cat","embeddable":true,"href":"https:\/\/rodrilab.com\/en\/wp-json\/wp\/v2\/product_cat?post=20058"},{"taxonomy":"product_tag","embeddable":true,"href":"https:\/\/rodrilab.com\/en\/wp-json\/wp\/v2\/product_tag?post=20058"}],"curies":[{"name":"wp","href":"https:\/\/api.w.org\/{rel}","templated":true}]}}