{"id":664,"date":"2019-07-19T14:52:31","date_gmt":"2019-07-19T14:52:31","guid":{"rendered":"https:\/\/rodrilab.com\/?page_id=664"},"modified":"2025-06-18T13:00:29","modified_gmt":"2025-06-18T13:00:29","slug":"faqs","status":"publish","type":"page","link":"https:\/\/rodrilab.com\/en\/faqs\/","title":{"rendered":"FAQ&#8217;s"},"content":{"rendered":"<div class=\"wpb-content-wrapper\"><div class=\"vc_row wpb_row vc_row-fluid\"><div class=\"wpb_column vc_column_container vc_col-sm-12\"><div class=\"vc_column-inner\"><div class=\"wpb_wrapper\"><div  class=\"vc_do_toggle vc_toggle vc_toggle_default vc_toggle_color_default vc_toggle_size_md\"><div class=\"vc_toggle_title\"><h4>Where is Rodrilab located?<\/h4><i class=\"vc_toggle_icon\"><\/i><\/div><div class=\"vc_toggle_content\"><p>Rodrilab Laboratory is located in Barcelos, Portugal.<\/p>\n<\/div><\/div><div  class=\"vc_do_toggle vc_toggle vc_toggle_default vc_toggle_color_default vc_toggle_size_md\"><div class=\"vc_toggle_title\"><h4>How are the albums shipped?<\/h4><i class=\"vc_toggle_icon\"><\/i><\/div><div class=\"vc_toggle_content\"><p>The albums are shipped nationwide, including the islands, via courier.<\/p>\n<\/div><\/div><div  class=\"vc_do_toggle vc_toggle vc_toggle_default vc_toggle_color_default vc_toggle_size_md\"><div class=\"vc_toggle_title\"><h4>Prices and products \u2013 do the prices include printing and binding?<\/h4><i class=\"vc_toggle_icon\"><\/i><\/div><div class=\"vc_toggle_content\"><p>Yes, the prices include printing and binding. The shipping cost will be added at the end of the order.<\/p>\n<\/div><\/div><div  class=\"vc_do_toggle vc_toggle vc_toggle_default vc_toggle_color_default vc_toggle_size_md\"><div class=\"vc_toggle_title\"><h4>What is the minimum\/maximum number of pages an album can have?<\/h4><i class=\"vc_toggle_icon\"><\/i><\/div><div class=\"vc_toggle_content\"><p>Albums, Books, and Replicas can have a minimum of 12 sheets (24 pages) and a maximum of 50 sheets (100 pages).<\/p>\n<\/div><\/div><div  class=\"vc_do_toggle vc_toggle vc_toggle_default vc_toggle_color_default vc_toggle_size_md\"><div class=\"vc_toggle_title\"><h4>Do you offer discounts on sample products?<\/h4><i class=\"vc_toggle_icon\"><\/i><\/div><div class=\"vc_toggle_content\"><p>Yes, all books ordered as samples receive a 50% discount, and products in the decoration, keepsakes, and accessories categories have a 30% discount.<\/p>\n<\/div><\/div><div  class=\"vc_do_toggle vc_toggle vc_toggle_default vc_toggle_color_default vc_toggle_size_md\"><div class=\"vc_toggle_title\"><h4>Does Rodrilab provide leather samples?<\/h4><i class=\"vc_toggle_icon\"><\/i><\/div><div class=\"vc_toggle_content\"><p>Yes, we do. You can choose to order a Material Swatch Book with your logo printed on the cover and 25 materials of your choice.<\/p>\n<\/div><\/div><div  class=\"vc_do_toggle vc_toggle vc_toggle_default vc_toggle_color_default vc_toggle_size_md\"><div class=\"vc_toggle_title\"><h4>Are all products made by Rodrilab?<\/h4><i class=\"vc_toggle_icon\"><\/i><\/div><div class=\"vc_toggle_content\"><p>Yes. All products are manufactured by Rodrilab.<\/p>\n<\/div><\/div><div  class=\"vc_do_toggle vc_toggle vc_toggle_default vc_toggle_color_default vc_toggle_size_md\"><div class=\"vc_toggle_title\"><h4>What payment methods are available?<\/h4><i class=\"vc_toggle_icon\"><\/i><\/div><div class=\"vc_toggle_content\"><p>All orders must be paid exclusively online via Credit Card (Mastercard, Visa, and American Express), PayPal, MB Way, Multibanco, Apple Pay, and Google Pay.<\/p>\n<\/div><\/div><div  class=\"vc_do_toggle vc_toggle vc_toggle_default vc_toggle_color_default vc_toggle_size_md\"><div class=\"vc_toggle_title\"><h4>Do Rodrilab Albums come with a warranty?<\/h4><i class=\"vc_toggle_icon\"><\/i><\/div><div class=\"vc_toggle_content\"><p>Yes. Rodrilab Albums come with a lifetime warranty, provided they are handled according to the specified guidelines.<\/p>\n<\/div><\/div><div  class=\"vc_do_toggle vc_toggle vc_toggle_default vc_toggle_color_default vc_toggle_size_md\"><div class=\"vc_toggle_title\"><h4>Order and production process \u2013 what are the production timeframes?<\/h4><i class=\"vc_toggle_icon\"><\/i><\/div><div class=\"vc_toggle_content\"><p>Production times vary depending on the type of product and can be found in our catalogue or on our website. The time required for the shipping carrier to deliver your order is not included in the announced production time. The production timeframe begins on the next business day after the files are submitted, provided that all files received are in perfect printing condition (correct quantity and dimensions).\nIn extraordinary cases such as technical malfunctions, stock shortages, pandemics, natural disasters, and\/or other events beyond Rodrilab\u2019s control, these will not be counted within the production time. Therefore, we cannot accept responsibility for any delays or offer refunds or compensation.<\/p>\n<\/div><\/div><div  class=\"vc_do_toggle vc_toggle vc_toggle_default vc_toggle_color_default vc_toggle_size_md\"><div class=\"vc_toggle_title\"><h4>How do I order the albums?<\/h4><i class=\"vc_toggle_icon\"><\/i><\/div><div class=\"vc_toggle_content\"><p>You must create your client account by filling out the corresponding form. With the login details sent to you, you will gain access to your personal account, where you can place your order and upload the files.<\/p>\n<\/div><\/div><div  class=\"vc_do_toggle vc_toggle vc_toggle_default vc_toggle_color_default vc_toggle_size_md\"><div class=\"vc_toggle_title\"><h4>How can I present Rodrilab products to my clients?<\/h4><i class=\"vc_toggle_icon\"><\/i><\/div><div class=\"vc_toggle_content\"><p>Our catalogue was designed with that in mind. Since it doesn't display prices, you can comfortably show it to your clients.<\/p>\n<\/div><\/div><div  class=\"vc_do_toggle vc_toggle vc_toggle_default vc_toggle_color_default vc_toggle_size_md\"><div class=\"vc_toggle_title\"><h4>What should I do if I receive my album damaged?<\/h4><i class=\"vc_toggle_icon\"><\/i><\/div><div class=\"vc_toggle_content\"><p>Our production process includes several stages of quality control. However, due to the handcrafted nature of our products, small variations in color and finish may occur and are considered part of the unique character of each item.\nIf there is any issue, you must photograph the affected products and the packaging in which they were received within 24 hours of delivery. Please send the images to geral@rodrilab.com so we can resolve the issue as quickly as possible.<\/p>\n<\/div><\/div><div  class=\"vc_do_toggle vc_toggle vc_toggle_default vc_toggle_color_default vc_toggle_size_md\"><div class=\"vc_toggle_title\"><h4>Can I make changes to my order after it has been completed?<\/h4><i class=\"vc_toggle_icon\"><\/i><\/div><div class=\"vc_toggle_content\"><p>Any changes or cancellations will only be accepted via email and within 1 hour after the order has been completed. Otherwise, you will be responsible for any production costs incurred up to the date of the change and\/or cancellation request.\nOnce your order is completed, it is considered confirmed. Refunds will be issued as store credit to be used on Rodrilab products. If you prefer a refund in cash, you will be fully responsible for any payment processing fees.<\/p>\n<\/div><\/div><div  class=\"vc_do_toggle vc_toggle vc_toggle_default vc_toggle_color_default vc_toggle_size_md\"><div class=\"vc_toggle_title\"><h4>How long does Rodrilab store my images?<\/h4><i class=\"vc_toggle_icon\"><\/i><\/div><div class=\"vc_toggle_content\"><p>For storage reasons, files sent for printing are automatically deleted from our servers 7 days after the completion of the requested job. After this period, Rodrilab is not responsible for returning the files or guaranteeing their reprint.<\/p>\n<\/div><\/div><div  class=\"vc_do_toggle vc_toggle vc_toggle_default vc_toggle_color_default vc_toggle_size_md\"><div class=\"vc_toggle_title\"><h4>Color and Editing \u2013 what is the recommended color profile?<\/h4><i class=\"vc_toggle_icon\"><\/i><\/div><div class=\"vc_toggle_content\"><p>Images for printing must have 254 DPI and use the sRGB IEC61966-2.1 color profile. Always number the files using three digits (e.g. 001.jpg, 002.jpg, 003.jpg, \u2026, 009.jpg, 010.jpg, 011.jpg, \u2026).<\/p>\n<\/div><\/div><div  class=\"vc_do_toggle vc_toggle vc_toggle_default vc_toggle_color_default vc_toggle_size_md\"><div class=\"vc_toggle_title\"><h4>What are the estimated order processing and production times during peak seasons?<\/h4><i class=\"vc_toggle_icon\"><\/i><\/div><div class=\"vc_toggle_content\"><p>During peak seasons, particularly the end-of-year holiday period, our sales volume increases by approximately 4 to 5 times. Our team works hard to produce orders as quickly as possible. However, from October to December, our production times are extended.\nThis page will be updated with any changes in this regard. Please note that our production times should be considered as guidelines, not guarantees, so we strongly recommend placing your end-of-year orders as early as possible.<\/p>\n<\/div><\/div><div  class=\"vc_do_toggle vc_toggle vc_toggle_default vc_toggle_color_default vc_toggle_size_md\"><div class=\"vc_toggle_title\"><h4>Do you perform color\/contrast\/density correction?<\/h4><i class=\"vc_toggle_icon\"><\/i><\/div><div class=\"vc_toggle_content\"><p>Rodrilab does not make any corrections to the submitted files, as we consider the photographer\u2019s work to be an author\u2019s creation. For this reason, we do not alter what has been carefully crafted by you.\nIf you would like color correction, please indicate this in the appropriate fields during the order process.\nTo ensure color accuracy between your monitor and our printing, we recommend downloading the calibration target and requesting a printed version of it in the comments field of your first order.<\/p>\n<\/div><\/div><div  class=\"vc_do_toggle vc_toggle vc_toggle_default vc_toggle_color_default vc_toggle_size_md\"><div class=\"vc_toggle_title\"><h4>Foreign clients and personal data \u2013 can you work with international clients?<\/h4><i class=\"vc_toggle_icon\"><\/i><\/div><div class=\"vc_toggle_content\"><p>Yes, absolutely. Our prices are based in Euros, but we produce and ship worldwide.<\/p>\n<\/div><\/div><div  class=\"vc_do_toggle vc_toggle vc_toggle_default vc_toggle_color_default vc_toggle_size_md\"><div class=\"vc_toggle_title\"><h4>How can I update my client information and shipping address?<\/h4><i class=\"vc_toggle_icon\"><\/i><\/div><div class=\"vc_toggle_content\"><p>Whenever you wish to update your client information or shipping address, you must send an email to your market manager requesting the change. Only in this way will the update be valid and taken into account for future shipments.\nRodrilab is not responsible for any delays or losses caused by failure to comply with this policy.<\/p>\n<\/div><\/div><div  class=\"vc_do_toggle vc_toggle vc_toggle_default vc_toggle_color_default vc_toggle_size_md\"><div class=\"vc_toggle_title\"><h4>Tax regulations and VAT rules for e-commerce \u2013 how does it work?<\/h4><i class=\"vc_toggle_icon\"><\/i><\/div><div class=\"vc_toggle_content\"><p>When placing an order, if your VAT number is not valid in the VIES system, VAT will be charged at the rate applicable in the country of your billing address.\nWhat are the advantages? If your VAT number is not valid in VIES, you may account for the VAT as if you were purchasing from a company in your own country. In this way, the VAT settlement is handled just like with a local supplier.<\/p>\n<\/div><\/div><\/div><\/div><\/div><\/div>\n<\/div>","protected":false},"excerpt":{"rendered":"Onde est\u00e1 localizada a Rodrilab?O Laborat\u00f3rio Rodrilab est\u00e1 localizado em Barcelos, Portugal. Como \u00e9 que os \u00e1lbuns s\u00e3o enviados?Os \u00c1lbuns","protected":false},"author":87,"featured_media":0,"parent":0,"menu_order":0,"comment_status":"closed","ping_status":"closed","template":"","meta":{"rs_blank_template":"","rs_page_bg_color":"","slide_template_v7":"","inline_featured_image":false,"footnotes":""},"class_list":["post-664","page","type-page","status-publish","hentry"],"_links":{"self":[{"href":"https:\/\/rodrilab.com\/en\/wp-json\/wp\/v2\/pages\/664","targetHints":{"allow":["GET"]}}],"collection":[{"href":"https:\/\/rodrilab.com\/en\/wp-json\/wp\/v2\/pages"}],"about":[{"href":"https:\/\/rodrilab.com\/en\/wp-json\/wp\/v2\/types\/page"}],"author":[{"embeddable":true,"href":"https:\/\/rodrilab.com\/en\/wp-json\/wp\/v2\/users\/87"}],"replies":[{"embeddable":true,"href":"https:\/\/rodrilab.com\/en\/wp-json\/wp\/v2\/comments?post=664"}],"version-history":[{"count":3,"href":"https:\/\/rodrilab.com\/en\/wp-json\/wp\/v2\/pages\/664\/revisions"}],"predecessor-version":[{"id":20299,"href":"https:\/\/rodrilab.com\/en\/wp-json\/wp\/v2\/pages\/664\/revisions\/20299"}],"wp:attachment":[{"href":"https:\/\/rodrilab.com\/en\/wp-json\/wp\/v2\/media?parent=664"}],"curies":[{"name":"wp","href":"https:\/\/api.w.org\/{rel}","templated":true}]}}