{"id":60,"date":"2018-01-11T19:25:41","date_gmt":"2018-01-11T19:25:41","guid":{"rendered":"https:\/\/rodrilab.com\/?page_id=60"},"modified":"2024-12-26T18:13:03","modified_gmt":"2024-12-26T18:13:03","slug":"sobre-nos","status":"publish","type":"page","link":"https:\/\/rodrilab.com\/en\/sobre-nos\/","title":{"rendered":"About Us"},"content":{"rendered":"<p>&nbsp;<\/p>\n<section>\n<div class=\"container\">\n<div class=\"row v-align-children\">\n<div class=\"col-md-5 col-md-offset-1 col-sm-6 col-sm-offset-1\">\n<h4><span style=\"color: #000000;\"><strong>Rodrilab \u2013 About Us<\/strong><\/span><\/h4>\n<h5><span style=\"color: #808080;\">At Rodrilab, we are driven by the passion to transform unforgettable memories into lasting works of art. Specializing in the production and printing of high-quality digital albums, we create products that celebrate unique stories such as weddings, baptisms, newborn sessions, and other memorable occasions.<\/span><\/h5>\n<h5><span style=\"color: #808080;\">We combine advanced technology and sophisticated design with a handcrafted touch, ensuring that each album is a unique piece capable of capturing the essence and emotion of your most precious moments. Every detail is carefully crafted, reflecting our unwavering commitment to excellence.<\/span><\/h5>\n<h5><span style=\"color: #808080;\">More than a company, we are visual storytellers. We live and love what we do, because we believe that every smile, every glance, and every memory deserves to be perfectly preserved. Whether it\u2019s to eternalize the most important day of your life or the small moments that make a difference, we are here to create albums that go beyond expectations and become true legacies for future generations.<\/span><\/h5>\n<h5><strong><span style=\"color: #000000;\">Transforming emotions into art, so your stories are remembered forever.<\/span><\/strong><\/h5>\n<\/div>\n<\/div>\n<\/div>\n<\/section>","protected":false},"excerpt":{"rendered":"<p>&nbsp; Rodrilab, quem somos Na Rodrilab, somos movidos pela paix\u00e3o de transformar mem\u00f3rias inesquec\u00edveis em obras de arte duradouras. Especializados<\/p>","protected":false},"author":87,"featured_media":0,"parent":0,"menu_order":0,"comment_status":"closed","ping_status":"closed","template":"","meta":{"rs_blank_template":"","rs_page_bg_color":"","slide_template_v7":"","inline_featured_image":false,"footnotes":""},"class_list":["post-60","page","type-page","status-publish","hentry"],"_links":{"self":[{"href":"https:\/\/rodrilab.com\/en\/wp-json\/wp\/v2\/pages\/60","targetHints":{"allow":["GET"]}}],"collection":[{"href":"https:\/\/rodrilab.com\/en\/wp-json\/wp\/v2\/pages"}],"about":[{"href":"https:\/\/rodrilab.com\/en\/wp-json\/wp\/v2\/types\/page"}],"author":[{"embeddable":true,"href":"https:\/\/rodrilab.com\/en\/wp-json\/wp\/v2\/users\/87"}],"replies":[{"embeddable":true,"href":"https:\/\/rodrilab.com\/en\/wp-json\/wp\/v2\/comments?post=60"}],"version-history":[{"count":0,"href":"https:\/\/rodrilab.com\/en\/wp-json\/wp\/v2\/pages\/60\/revisions"}],"wp:attachment":[{"href":"https:\/\/rodrilab.com\/en\/wp-json\/wp\/v2\/media?parent=60"}],"curies":[{"name":"wp","href":"https:\/\/api.w.org\/{rel}","templated":true}]}}