{"id":581,"date":"2019-03-01T13:39:37","date_gmt":"2019-03-01T13:39:37","guid":{"rendered":"https:\/\/rodrilab.com\/?page_id=581"},"modified":"2025-06-17T22:20:20","modified_gmt":"2025-06-17T22:20:20","slug":"garantia-de-qualidade","status":"publish","type":"page","link":"https:\/\/rodrilab.com\/en\/garantia-de-qualidade\/","title":{"rendered":"Quality Guarantee"},"content":{"rendered":"<h3 class=\"uk-h2 uk-margin-small uk-margin-remove-bottom uk-text-left@m uk-text-center\">Support and Quality Control<\/h3>\n<ul>\n<li class=\"uk-panel uk-margin-small uk-margin-remove-bottom\">Your satisfaction is our top priority. All our products go through three strict quality control stages to ensure every detail is perfect.<\/li>\n<li class=\"uk-panel uk-margin-small uk-margin-remove-bottom\">We take care of the entire process, from order receipt to final shipment, with constant oversight by specialized professionals, ensuring the highest level of excellence at every stage of production.<\/li>\n<\/ul>\n<div>\n<hr \/>\n<\/div>\n<h3 class=\"uk-h5 uk-text-emphasis uk-margin-large uk-margin-remove-bottom uk-width-xlarge uk-margin-auto-left@m uk-margin-remove-right@m uk-margin-auto uk-text-left@m uk-text-center\">Support and Follow-up<\/h3>\n<ul>\n<li class=\"uk-panel uk-margin-small uk-margin-remove-bottom uk-width-xlarge@m uk-margin-auto-left@m uk-margin-remove-right@m uk-margin-auto uk-text-left@m uk-text-center\">At Rodrilab, we have a customer support team always ready to provide the assistance you need. We\u2019re available to answer questions, track the progress of your orders, and provide up-to-date information on the status and production of your products.<\/li>\n<li class=\"uk-panel uk-margin-small uk-margin-remove-bottom uk-width-xlarge@m uk-margin-auto-left@m uk-margin-remove-right@m uk-margin-auto uk-text-left@m uk-text-center\">In addition, our highly specialized sales team is committed to driving the growth of your business through the sale of photographic products, because we believe that your success is also our success.<\/li>\n<\/ul>\n<div>\n<hr \/>\n<\/div>\n<div class=\"uk-grid tm-grid-expand uk-child-width-1-1 uk-grid-margin\">\n<div class=\"uk-width-1-1\">\n<h3 class=\"uk-h2 uk-margin-remove-vertical uk-text-center\">Materials and Color<\/h3>\n<\/div>\n<\/div>\n<div class=\"uk-grid tm-grid-expand uk-grid-column-medium uk-margin-large\">\n<div class=\"uk-grid-item-match uk-flex-middle uk-width-1-2@m\">\n<div class=\"uk-panel uk-width-1-1\">\n<ul>\n<li class=\"uk-panel uk-margin-small uk-margin-remove-bottom uk-text-left@m uk-text-center\">We offer a wide selection of high-quality materials, with coverings that stand out for both their visual appeal and tactile pleasure.<\/li>\n<li class=\"uk-panel uk-margin-small uk-margin-remove-bottom uk-text-left@m uk-text-center\">Our team members, experienced artisans, are dedicated to perfecting the technique of bringing out the best in each material, ensuring an exceptional result.<\/li>\n<li class=\"uk-panel uk-margin-small uk-margin-remove-bottom uk-text-left@m uk-text-center\">In addition, our printing papers stand out not only for their variety but also for their excellence, supplied by globally recognized and certified brands such as Hahnem\u00fchle and Fujifilm.<\/li>\n<\/ul>\n<div>\n<hr \/>\n<\/div>\n<\/div>\n<\/div>\n<\/div>\n<h3 class=\"uk-h5 uk-text-emphasis uk-margin-large uk-margin-remove-bottom uk-width-xlarge uk-margin-auto-left@m uk-margin-remove-right@m uk-margin-auto uk-text-left@m uk-text-center\">Daily Color Proofs<\/h3>\n<ul>\n<li class=\"uk-panel uk-margin-small uk-margin-remove-bottom uk-width-xlarge@m uk-margin-auto-left@m uk-margin-remove-right@m uk-margin-auto uk-text-left@m uk-text-center\">Print quality is closely linked to color accuracy. That\u2019s why we carry out daily color proofs, conducted by a specialized and certified printing technician.<\/li>\n<li class=\"uk-panel uk-margin-small uk-margin-remove-bottom uk-width-xlarge@m uk-margin-auto-left@m uk-margin-remove-right@m uk-margin-auto uk-text-left@m uk-text-center\">After the proofs, we perform the necessary calibrations on all printing equipment, ensuring that the colors of your products always remain true to the files provided to us.<\/li>\n<li class=\"uk-panel uk-margin-small uk-margin-remove-bottom uk-width-xlarge@m uk-margin-auto-left@m uk-margin-remove-right@m uk-margin-auto uk-text-left@m uk-text-center\">Each product is printed and carefully inspected, with maximum attention and dedication, to ensure that the colors meet expectations and impress your clients.<\/li>\n<\/ul>\n<div>\n<hr \/>\n<\/div>\n<div class=\"uk-margin-large uk-container\">\n<div class=\"uk-grid tm-grid-expand uk-child-width-1-1\">\n<div class=\"uk-grid-item-match uk-width-1-1\">\n<div class=\"uk-tile-muted uk-tile uk-padding-remove\">\n<h3 class=\"uk-h2 uk-margin-remove-vertical uk-text-left@m uk-text-center\">Environmental Concern and Use of Plastic<\/h3>\n<\/div>\n<\/div>\n<\/div>\n<\/div>\n<div class=\"uk-grid tm-grid-expand uk-grid-margin\">\n<div class=\"uk-grid-item-match uk-flex-bottom uk-width-1-2@m uk-first-column\">\n<div class=\"uk-panel uk-width-1-1\">\n<ul>\n<li class=\"uk-panel uk-margin-small uk-margin-remove-bottom uk-width-large@m uk-margin-auto-right@m uk-margin-remove-left@m uk-margin-auto uk-text-left@m uk-text-center\">Environmental sustainability is one of our main concerns, which is why we have decided to eliminate the use of plastic in our packaging\u2014without compromising the safety or quality of our products.<\/li>\n<li class=\"uk-panel uk-margin-small uk-margin-remove-bottom uk-width-large@m uk-margin-auto-right@m uk-margin-remove-left@m uk-margin-auto uk-text-left@m uk-text-center\">We recommend that, after receiving your order, you continue the recycling cycle, thus contributing to a more sustainable future.<\/li>\n<\/ul>\n<div>\n<hr \/>\n<\/div>\n<div>\n<h3 class=\"uk-h5 uk-text-emphasis uk-margin-large uk-margin-remove-bottom uk-width-large uk-margin-auto-left@m uk-margin-remove-right@m uk-margin-auto uk-text-left@m uk-text-center\">Printing and Chemical Processing<\/h3>\n<ul>\n<li class=\"uk-panel uk-margin-small uk-margin-remove-bottom uk-width-large@m uk-margin-auto-left@m uk-margin-remove-right@m uk-margin-auto uk-text-left@m uk-text-center\">We adopt advanced printing techniques using high-end equipment that represents the forefront of the printing industry, recognized for innovation and excellence.<\/li>\n<li class=\"uk-panel uk-margin-small uk-margin-remove-bottom uk-width-large@m uk-margin-auto-left@m uk-margin-remove-right@m uk-margin-auto uk-text-left@m uk-text-center\">One of the main advantages of our equipment is its ability to minimize raw material waste, ensuring that only the strictly necessary quantities are used.<\/li>\n<li class=\"uk-panel uk-margin-small uk-margin-remove-bottom uk-width-large@m uk-margin-auto-left@m uk-margin-remove-right@m uk-margin-auto uk-text-left@m uk-text-center\">In addition, the chemicals used in the printing process are carefully handled by a specialized and certified company, ensuring that the environmental impact is reduced to an absolute minimum.<\/li>\n<\/ul>\n<\/div>\n<\/div>\n<\/div>\n<\/div>\n<p><!-- a61d25be4c419d1a5bd71dd99eaac457 --><\/p>","protected":false},"excerpt":{"rendered":"<p>Apoio e controlo de qualidade A sua satisfa\u00e7\u00e3o \u00e9 a nossa principal prioridade. Todos os nossos produtos passam por tr\u00eas<\/p>","protected":false},"author":87,"featured_media":0,"parent":0,"menu_order":0,"comment_status":"closed","ping_status":"closed","template":"","meta":{"rs_blank_template":"","rs_page_bg_color":"","slide_template_v7":"","inline_featured_image":false,"footnotes":""},"class_list":["post-581","page","type-page","status-publish","hentry"],"_links":{"self":[{"href":"https:\/\/rodrilab.com\/en\/wp-json\/wp\/v2\/pages\/581","targetHints":{"allow":["GET"]}}],"collection":[{"href":"https:\/\/rodrilab.com\/en\/wp-json\/wp\/v2\/pages"}],"about":[{"href":"https:\/\/rodrilab.com\/en\/wp-json\/wp\/v2\/types\/page"}],"author":[{"embeddable":true,"href":"https:\/\/rodrilab.com\/en\/wp-json\/wp\/v2\/users\/87"}],"replies":[{"embeddable":true,"href":"https:\/\/rodrilab.com\/en\/wp-json\/wp\/v2\/comments?post=581"}],"version-history":[{"count":1,"href":"https:\/\/rodrilab.com\/en\/wp-json\/wp\/v2\/pages\/581\/revisions"}],"predecessor-version":[{"id":20277,"href":"https:\/\/rodrilab.com\/en\/wp-json\/wp\/v2\/pages\/581\/revisions\/20277"}],"wp:attachment":[{"href":"https:\/\/rodrilab.com\/en\/wp-json\/wp\/v2\/media?parent=581"}],"curies":[{"name":"wp","href":"https:\/\/api.w.org\/{rel}","templated":true}]}}