{"id":18560,"date":"2024-12-25T17:46:10","date_gmt":"2024-12-25T17:46:10","guid":{"rendered":"https:\/\/rodrilab.com\/?page_id=18560"},"modified":"2024-12-25T17:48:59","modified_gmt":"2024-12-25T17:48:59","slug":"politica-de-monstruario","status":"publish","type":"page","link":"https:\/\/rodrilab.com\/en\/politica-de-monstruario\/","title":{"rendered":"Sample Policy"},"content":{"rendered":"<p><strong>Showroom Product Discount<\/strong><\/p>\n<p>Showcasing your final work in high-quality products with stunning finishes is an excellent way to boost sales and attract your clients\u2019 attention.<\/p>\n<p>Using sample products is the perfect tool for this, as it allows you to show the importance of capturing and preserving memories. The best way to tell a story is by combining the dedication and skill of a professional photographer with products that enhance the details and emotions of the story being told.<\/p>\n<p>We are committed to reflecting your unique style and way of working in products that represent the final result of an amazing photography or video project.<\/p>\n<hr \/>\n<h2 class=\"accordion-header\"><strong><button class=\"accordion-button\" type=\"button\" aria-expanded=\"true\"><span class=\"panel-title\">Is there any difference between a product and a sample product?<\/span><\/button><\/strong><\/h2>\n<div class=\"accordion-collapse collapse show\">\n<div class=\"whitespace-pre-line accordion-body\">The only difference between an original product and a sample product is the \"sample\" seal that identifies it as a display item.<\/div>\n<\/div>\n<div>\n<hr \/>\n<\/div>\n<div><\/div>\n<div>\n<h2 class=\"accordion-header\"><strong><button class=\"accordion-button\" type=\"button\" aria-expanded=\"true\"><span class=\"panel-title\">Where is the sample seal placed?<\/span><\/button><\/strong><\/h2>\n<div class=\"accordion-collapse collapse show\">\n<div class=\"whitespace-pre-line accordion-body\">The placement of the sample seal may vary depending on the product ordered and the specific requirements of each situation. Rodrilab reserves the right to change the placement of the sample seal without prior notice.<\/div>\n<div>\n<hr \/>\n<\/div>\n<div><\/div>\n<\/div>\n<div>\n<h2 class=\"accordion-header\"><strong><button class=\"accordion-button\" type=\"button\" aria-expanded=\"true\"><span class=\"panel-title\">Do you offer discounts on sample products?<\/span><\/button><\/strong><\/h2>\n<div class=\"accordion-collapse collapse show\">\n<div class=\"whitespace-pre-line accordion-body\">Yes, all books ordered as samples receive a 50% discount, and products in the decoration, keepsakes, and accessories categories have a 30% discount.<\/div>\n<div>\n<hr \/>\n<\/div>\n<div><\/div>\n<\/div>\n<div>\n<h2 class=\"accordion-header\"><strong><button class=\"accordion-button\" type=\"button\" aria-expanded=\"true\"><span class=\"panel-title\">Who can benefit from the sample discount?<\/span><\/button><\/strong><\/h2>\n<div class=\"accordion-collapse collapse show\">\n<div class=\"whitespace-pre-line accordion-body\">All registered Rodrilab clients can benefit, as long as the order meets our sample policy.<\/div>\n<div>\n<hr \/>\n<\/div>\n<div><\/div>\n<div>\n<h2 class=\"accordion-header\"><strong><button class=\"accordion-button\" type=\"button\" aria-expanded=\"true\"><span class=\"panel-title\">What is the production time for sample orders?<\/span><\/button><\/strong><\/h2>\n<div class=\"accordion-collapse collapse show\">\n<div class=\"whitespace-pre-line accordion-body\">Sample orders take between 8 to 15 business days to be produced, except during holiday periods, when the standard production times for the respective product apply.<\/div>\n<\/div>\n<\/div>\n<div>\n<hr \/>\n<\/div>\n<div>\n<div class=\"accordion-collapse collapse show\">\n<div>\n<h2 class=\"accordion-header\"><strong><button class=\"accordion-button\" type=\"button\" aria-expanded=\"true\"><span class=\"panel-title\">Are there any limitations on sample book orders?<\/span><\/button><\/strong><\/h2>\n<div class=\"accordion-collapse collapse show\">\n<div class=\"whitespace-pre-line accordion-body\">To ensure fair access to sample products, a limit of 3 sample books per year per client has been established. However, in special cases, you may contact Customer Support to request further review.<\/div>\n<div>\n<hr \/>\n<\/div>\n<div>\n<h2 class=\"accordion-header\"><button class=\"accordion-button\" type=\"button\" aria-expanded=\"true\"><span class=\"panel-title\">How can I access the discount for sample books?<\/span><\/button><\/h2>\n<div class=\"accordion-collapse collapse show\">\n<div class=\"whitespace-pre-line accordion-body\">To access the sample book discount, you must select the appropriate option in the indicated field before completing the payment at checkout.<\/div>\n<div>\n<hr \/>\n<\/div>\n<div>\n<h2 class=\"accordion-header\"><button class=\"accordion-button\" type=\"button\" aria-expanded=\"true\"><span class=\"panel-title\">Are there any limitations on sample orders for products other than books?<\/span><\/button><\/h2>\n<div class=\"accordion-collapse collapse show\">\n<div class=\"whitespace-pre-line accordion-body\">To ensure responsible use, you may order up to 3 sample products from the categories of Albums, decoration, keepsakes, and accessories.<\/div>\n<div>\n<hr \/>\n<\/div>\n<div>\n<h2 class=\"accordion-header\"><button class=\"accordion-button\" type=\"button\" aria-expanded=\"true\"><span class=\"panel-title\">Is it possible to request the sample discount after completing my order?<\/span><\/button><\/h2>\n<div class=\"accordion-collapse collapse show\">\n<div class=\"whitespace-pre-line accordion-body\">No, the sample discount is only applied during the ordering process. It is not possible to identify a product as a sample after the order has been processed and\/or produced.<\/div>\n<div>\n<hr \/>\n<\/div>\n<div>\n<h2 class=\"accordion-header\"><button class=\"accordion-button\" type=\"button\" aria-expanded=\"true\"><span class=\"panel-title\">Can I order a sample at any time of the year?<\/span><\/button><\/h2>\n<div class=\"accordion-collapse collapse show\">\n<div class=\"whitespace-pre-line accordion-body\">Yes, you can. There are no date restrictions for ordering a sample \u2014 you may place your order at any time of the year. However, please note that during peak seasons, the production time for sample products may be longer.<\/div>\n<div>\n<hr \/>\n<\/div>\n<div>\n<h2 class=\"accordion-header\"><button class=\"accordion-button\" type=\"button\" aria-expanded=\"true\"><span class=\"panel-title\">Can I combine the sample discount with other promotions or discounts?<\/span><\/button><\/h2>\n<div class=\"accordion-collapse collapse show\">\n<div class=\"whitespace-pre-line accordion-body\">The sample discount cannot be combined with other current offers or discounts.<\/div>\n<div>\n<hr \/>\n<\/div>\n<div>\n<h2 class=\"accordion-header\"><button class=\"accordion-button\" type=\"button\" aria-expanded=\"true\"><span class=\"panel-title\">Can my order be rejected?<\/span><\/button><\/h2>\n<div class=\"accordion-collapse collapse show\">\n<div class=\"whitespace-pre-line accordion-body\">Rodrilab offers this discount so you can diversify or renew your product samples and, as a result, increase sales with your clients. We reserve the right to cancel orders that do not meet this purpose. Rodrilab also reserves the right to cancel orders for products that do not align with our sample policy and\/or are not consistent with the photographer\u2019s area of work.<\/div>\n<div>\n<hr \/>\n<\/div>\n<div>\n<h2 class=\"accordion-header\"><button class=\"accordion-button\" type=\"button\" aria-expanded=\"true\"><span class=\"panel-title\">Can I order sample products together with non-sample products?<\/span><\/button><\/h2>\n<div class=\"accordion-collapse collapse show\">\n<div class=\"whitespace-pre-line accordion-body\">When ordering sample products, you should not include any non-sample items, as selecting the sample option will apply it to the entire order, making all products in the order samples.<\/div>\n<div>\n<hr \/>\n<\/div>\n<div>\n<h2 class=\"accordion-header\"><button class=\"accordion-button\" type=\"button\" aria-expanded=\"true\"><span class=\"panel-title\">Products eligible for sample discount:<\/span><\/button><\/h2>\n<div class=\"accordion-collapse collapse show\">\n<div class=\"whitespace-pre-line accordion-body\">All Rodrilab products.<\/div>\n<\/div>\n<\/div>\n<\/div>\n<\/div>\n<\/div>\n<\/div>\n<\/div>\n<\/div>\n<\/div>\n<\/div>\n<\/div>\n<\/div>\n<\/div>\n<\/div>\n<\/div>\n<\/div>\n<\/div>\n<\/div>\n<\/div>\n<\/div>\n<\/div>\n<\/div>\n<\/div>\n<\/div>","protected":false},"excerpt":{"rendered":"<p>Desconto Produtos Mostru\u00e1rio. Expor os seus trabalhos finais em produtos de alta qualidade e acabamentos incr\u00edveis \u00e9 uma excelente maneira<\/p>","protected":false},"author":87,"featured_media":0,"parent":0,"menu_order":0,"comment_status":"closed","ping_status":"closed","template":"","meta":{"rs_blank_template":"","rs_page_bg_color":"","slide_template_v7":"","inline_featured_image":false,"footnotes":""},"class_list":["post-18560","page","type-page","status-publish","hentry"],"_links":{"self":[{"href":"https:\/\/rodrilab.com\/en\/wp-json\/wp\/v2\/pages\/18560","targetHints":{"allow":["GET"]}}],"collection":[{"href":"https:\/\/rodrilab.com\/en\/wp-json\/wp\/v2\/pages"}],"about":[{"href":"https:\/\/rodrilab.com\/en\/wp-json\/wp\/v2\/types\/page"}],"author":[{"embeddable":true,"href":"https:\/\/rodrilab.com\/en\/wp-json\/wp\/v2\/users\/87"}],"replies":[{"embeddable":true,"href":"https:\/\/rodrilab.com\/en\/wp-json\/wp\/v2\/comments?post=18560"}],"version-history":[{"count":0,"href":"https:\/\/rodrilab.com\/en\/wp-json\/wp\/v2\/pages\/18560\/revisions"}],"wp:attachment":[{"href":"https:\/\/rodrilab.com\/en\/wp-json\/wp\/v2\/media?parent=18560"}],"curies":[{"name":"wp","href":"https:\/\/api.w.org\/{rel}","templated":true}]}}