{"id":25158,"date":"2025-11-19T19:12:36","date_gmt":"2025-11-19T19:12:36","guid":{"rendered":"https:\/\/rodrilab.com\/?post_type=product&#038;p=25158"},"modified":"2025-11-19T19:14:18","modified_gmt":"2025-11-19T19:14:18","slug":"christmas-kristal-block","status":"publish","type":"product","link":"https:\/\/rodrilab.com\/de\/produkt\/christmas-kristal-block\/","title":{"rendered":"Christmas Kristal Block"},"content":{"rendered":"<p><strong data-start=\"70\" data-end=\"84\">Kristal Block <\/strong>\u00e9 uma pe\u00e7a decorativa \u00fanica, com a fotografia impressa diretamente no acr\u00edlico, real\u00e7ando o car\u00e1ter cristal e elegante do material.<\/p>\n<p>Uma forma distinta e duradoura de preservar e expor as suas mem\u00f3rias com autenticidade.<\/p>","protected":false},"excerpt":{"rendered":"<p>Kristal Block \u00e9 uma pe\u00e7a decorativa \u00fanica, com a fotografia impressa diretamente no acr\u00edlico, real\u00e7ando o car\u00e1ter cristal e elegante<\/p>","protected":false},"featured_media":22358,"comment_status":"closed","ping_status":"closed","template":"","meta":{"rs_blank_template":"","rs_page_bg_color":"","slide_template_v7":"","inline_featured_image":false},"product_brand":[],"product_cat":[3614],"product_tag":[],"class_list":{"0":"post-25158","1":"product","2":"type-product","3":"status-publish","4":"has-post-thumbnail","6":"product_cat-rascunho","8":"first","9":"instock","10":"taxable","11":"shipping-taxable","12":"product-type-variable"},"_links":{"self":[{"href":"https:\/\/rodrilab.com\/de\/wp-json\/wp\/v2\/product\/25158","targetHints":{"allow":["GET"]}}],"collection":[{"href":"https:\/\/rodrilab.com\/de\/wp-json\/wp\/v2\/product"}],"about":[{"href":"https:\/\/rodrilab.com\/de\/wp-json\/wp\/v2\/types\/product"}],"replies":[{"embeddable":true,"href":"https:\/\/rodrilab.com\/de\/wp-json\/wp\/v2\/comments?post=25158"}],"wp:featuredmedia":[{"embeddable":true,"href":"https:\/\/rodrilab.com\/de\/wp-json\/wp\/v2\/media\/22358"}],"wp:attachment":[{"href":"https:\/\/rodrilab.com\/de\/wp-json\/wp\/v2\/media?parent=25158"}],"wp:term":[{"taxonomy":"product_brand","embeddable":true,"href":"https:\/\/rodrilab.com\/de\/wp-json\/wp\/v2\/product_brand?post=25158"},{"taxonomy":"product_cat","embeddable":true,"href":"https:\/\/rodrilab.com\/de\/wp-json\/wp\/v2\/product_cat?post=25158"},{"taxonomy":"product_tag","embeddable":true,"href":"https:\/\/rodrilab.com\/de\/wp-json\/wp\/v2\/product_tag?post=25158"}],"curies":[{"name":"wp","href":"https:\/\/api.w.org\/{rel}","templated":true}]}}