{"id":24902,"date":"2025-11-05T15:50:40","date_gmt":"2025-11-05T15:50:40","guid":{"rendered":"https:\/\/rodrilab.com\/?post_type=product&#038;p=24902"},"modified":"2025-11-27T17:37:14","modified_gmt":"2025-11-27T17:37:14","slug":"metalik","status":"publish","type":"product","link":"https:\/\/rodrilab.com\/de\/produkt\/metalik\/","title":{"rendered":"Metalik"},"content":{"rendered":"<p data-start=\"115\" data-end=\"135\">Die Metalik Collection ist der perfekte Ausdruck moderner Eleganz und visueller Wirkung.<\/p>\n<p data-start=\"115\" data-end=\"135\">Ihre Beschichtung besticht durch einen dezenten metallischen Glanz und die Komplexit\u00e4t dreidimensionaler Muster, die durch Licht und Bewegung lebendig werden.<\/p>\n<p data-start=\"115\" data-end=\"135\">In dieser Kollektion treffen Raffinesse und Innovation aufeinander und schaffen Oberfl\u00e4chen, die einen zeitgem\u00e4\u00dfen und anspruchsvollen Stil widerspiegeln.<\/p>\n<p data-start=\"115\" data-end=\"135\">Mehr als nur ein Album ist die Metalik Collection ein sinnliches Erlebnis \u2013 fesselnd, dynamisch und unvergesslich.<\/p>","protected":false},"excerpt":{"rendered":"<p>A Metalik Collection \u00e9 a express\u00e3o perfeita da eleg\u00e2ncia moderna e do impacto visual. O seu revestimento destaca-se pelo brilho<\/p>","protected":false},"featured_media":24877,"comment_status":"closed","ping_status":"closed","template":"","meta":{"rs_blank_template":"","rs_page_bg_color":"","slide_template_v7":"","inline_featured_image":false},"product_brand":[],"product_cat":[3077],"product_tag":[],"class_list":{"0":"post-24902","1":"product","2":"type-product","3":"status-publish","4":"has-post-thumbnail","6":"product_cat-albuns","8":"first","9":"instock","10":"taxable","11":"shipping-taxable","12":"product-type-variable"},"_links":{"self":[{"href":"https:\/\/rodrilab.com\/de\/wp-json\/wp\/v2\/product\/24902","targetHints":{"allow":["GET"]}}],"collection":[{"href":"https:\/\/rodrilab.com\/de\/wp-json\/wp\/v2\/product"}],"about":[{"href":"https:\/\/rodrilab.com\/de\/wp-json\/wp\/v2\/types\/product"}],"replies":[{"embeddable":true,"href":"https:\/\/rodrilab.com\/de\/wp-json\/wp\/v2\/comments?post=24902"}],"wp:featuredmedia":[{"embeddable":true,"href":"https:\/\/rodrilab.com\/de\/wp-json\/wp\/v2\/media\/24877"}],"wp:attachment":[{"href":"https:\/\/rodrilab.com\/de\/wp-json\/wp\/v2\/media?parent=24902"}],"wp:term":[{"taxonomy":"product_brand","embeddable":true,"href":"https:\/\/rodrilab.com\/de\/wp-json\/wp\/v2\/product_brand?post=24902"},{"taxonomy":"product_cat","embeddable":true,"href":"https:\/\/rodrilab.com\/de\/wp-json\/wp\/v2\/product_cat?post=24902"},{"taxonomy":"product_tag","embeddable":true,"href":"https:\/\/rodrilab.com\/de\/wp-json\/wp\/v2\/product_tag?post=24902"}],"curies":[{"name":"wp","href":"https:\/\/api.w.org\/{rel}","templated":true}]}}