{"id":24320,"date":"2025-10-16T14:42:30","date_gmt":"2025-10-16T14:42:30","guid":{"rendered":"https:\/\/rodrilab.com\/?post_type=product&#038;p=24320"},"modified":"2025-11-12T20:37:50","modified_gmt":"2025-11-12T20:37:50","slug":"christmas-box-prints","status":"publish","type":"product","link":"https:\/\/rodrilab.com\/de\/produkt\/christmas-box-prints\/","title":{"rendered":"Christmas Box Prints"},"content":{"rendered":"<p data-start=\"122\" data-end=\"163\"><strong data-start=\"75\" data-end=\"99\">Christmas Box Prints<\/strong><\/p>\n<p data-start=\"122\" data-end=\"163\">A <strong data-start=\"104\" data-end=\"128\">Christmas Box Prints<\/strong> \u00e9 produzida com um aro de madeira folheado em carvalho, que transmite naturalidade e eleg\u00e2ncia intemporal.<\/p>\n<p data-start=\"122\" data-end=\"163\">Com uma gama de revestimentos \u00e0 escolha, pode ser personalizada de acordo com o seu gosto, tornando cada pe\u00e7a \u00fanica.<\/p>\n<p data-start=\"122\" data-end=\"163\">Compacta e funcional, foi pensada para guardar e proteger as suas fotografias, valorizando as suas mem\u00f3rias com o charme da madeira e o toque distinto dos revestimentos selecionados.<\/p>\n<p data-start=\"122\" data-end=\"163\">Inclui <strong data-start=\"544\" data-end=\"571\">8 fotografias impressas<\/strong>, prontas a oferecer ou a exibir nesta \u00e9poca especial.<\/p>","protected":false},"excerpt":{"rendered":"<p>Christmas Box Prints A Christmas Box Prints \u00e9 produzida com um aro de madeira folheado em carvalho, que transmite naturalidade<\/p>","protected":false},"featured_media":23083,"comment_status":"closed","ping_status":"closed","template":"","meta":{"rs_blank_template":"","rs_page_bg_color":"","slide_template_v7":"","inline_featured_image":false},"product_brand":[],"product_cat":[2947],"product_tag":[],"class_list":{"0":"post-24320","1":"product","2":"type-product","3":"status-publish","4":"has-post-thumbnail","6":"product_cat-natal","8":"first","9":"instock","10":"taxable","11":"shipping-taxable","12":"product-type-variable"},"_links":{"self":[{"href":"https:\/\/rodrilab.com\/de\/wp-json\/wp\/v2\/product\/24320","targetHints":{"allow":["GET"]}}],"collection":[{"href":"https:\/\/rodrilab.com\/de\/wp-json\/wp\/v2\/product"}],"about":[{"href":"https:\/\/rodrilab.com\/de\/wp-json\/wp\/v2\/types\/product"}],"replies":[{"embeddable":true,"href":"https:\/\/rodrilab.com\/de\/wp-json\/wp\/v2\/comments?post=24320"}],"wp:featuredmedia":[{"embeddable":true,"href":"https:\/\/rodrilab.com\/de\/wp-json\/wp\/v2\/media\/23083"}],"wp:attachment":[{"href":"https:\/\/rodrilab.com\/de\/wp-json\/wp\/v2\/media?parent=24320"}],"wp:term":[{"taxonomy":"product_brand","embeddable":true,"href":"https:\/\/rodrilab.com\/de\/wp-json\/wp\/v2\/product_brand?post=24320"},{"taxonomy":"product_cat","embeddable":true,"href":"https:\/\/rodrilab.com\/de\/wp-json\/wp\/v2\/product_cat?post=24320"},{"taxonomy":"product_tag","embeddable":true,"href":"https:\/\/rodrilab.com\/de\/wp-json\/wp\/v2\/product_tag?post=24320"}],"curies":[{"name":"wp","href":"https:\/\/api.w.org\/{rel}","templated":true}]}}