{"id":23716,"date":"2025-09-08T13:48:18","date_gmt":"2025-09-08T13:48:18","guid":{"rendered":"https:\/\/rodrilab.com\/?post_type=product&#038;p=23716"},"modified":"2025-12-05T08:26:48","modified_gmt":"2025-12-05T08:26:48","slug":"small-book","status":"publish","type":"product","link":"https:\/\/rodrilab.com\/de\/produkt\/small-book\/","title":{"rendered":"Small Book"},"content":{"rendered":"<p><strong>SMALL BOOK COLLECTION<\/strong><\/p>\n<p>Desenvolvidos em um formato compacto e elegante, os small books s\u00e3o a solu\u00e7\u00e3o perfeita para preservar e valorizar suas mem\u00f3rias de forma pr\u00e1tica e sofisticada.<\/p>\n<p>Combinando design impec\u00e1vel e funcionalidade, podem ser facilmente transportados, permitindo que voc\u00ea leve consigo momentos inesquec\u00edveis aonde quer que v\u00e1.<\/p>","protected":false},"excerpt":{"rendered":"<p>SMALL BOOK COLLECTION Desenvolvidos em um formato compacto e elegante, os small books s\u00e3o a solu\u00e7\u00e3o perfeita para preservar e<\/p>","protected":false},"featured_media":18793,"comment_status":"closed","ping_status":"closed","template":"","meta":{"rs_blank_template":"","rs_page_bg_color":"","slide_template_v7":"","inline_featured_image":false},"product_brand":[],"product_cat":[3078],"product_tag":[],"class_list":{"0":"post-23716","1":"product","2":"type-product","3":"status-publish","4":"has-post-thumbnail","6":"product_cat-books","8":"first","9":"instock","10":"taxable","11":"shipping-taxable","12":"product-type-variable"},"_links":{"self":[{"href":"https:\/\/rodrilab.com\/de\/wp-json\/wp\/v2\/product\/23716","targetHints":{"allow":["GET"]}}],"collection":[{"href":"https:\/\/rodrilab.com\/de\/wp-json\/wp\/v2\/product"}],"about":[{"href":"https:\/\/rodrilab.com\/de\/wp-json\/wp\/v2\/types\/product"}],"replies":[{"embeddable":true,"href":"https:\/\/rodrilab.com\/de\/wp-json\/wp\/v2\/comments?post=23716"}],"wp:featuredmedia":[{"embeddable":true,"href":"https:\/\/rodrilab.com\/de\/wp-json\/wp\/v2\/media\/18793"}],"wp:attachment":[{"href":"https:\/\/rodrilab.com\/de\/wp-json\/wp\/v2\/media?parent=23716"}],"wp:term":[{"taxonomy":"product_brand","embeddable":true,"href":"https:\/\/rodrilab.com\/de\/wp-json\/wp\/v2\/product_brand?post=23716"},{"taxonomy":"product_cat","embeddable":true,"href":"https:\/\/rodrilab.com\/de\/wp-json\/wp\/v2\/product_cat?post=23716"},{"taxonomy":"product_tag","embeddable":true,"href":"https:\/\/rodrilab.com\/de\/wp-json\/wp\/v2\/product_tag?post=23716"}],"curies":[{"name":"wp","href":"https:\/\/api.w.org\/{rel}","templated":true}]}}