{"id":22948,"date":"2025-08-30T00:46:01","date_gmt":"2025-08-30T00:46:01","guid":{"rendered":"https:\/\/rodrilab.com\/?post_type=product&#038;p=22948"},"modified":"2025-11-13T08:32:36","modified_gmt":"2025-11-13T08:32:36","slug":"box-flux","status":"publish","type":"product","link":"https:\/\/rodrilab.com\/de\/produkt\/box-flux\/","title":{"rendered":"Box Flux"},"content":{"rendered":"<p data-start=\"99\" data-end=\"227\"><strong data-start=\"99\" data-end=\"111\">Box Flux<\/strong> \u00e9 uma caixa em madeira criada para guardar os seus \u00e1lbuns digitais, unindo <strong data-start=\"187\" data-end=\"205\">funcionalidade<\/strong> und <strong data-start=\"208\" data-end=\"224\">sofistica\u00e7\u00e3o<\/strong>.<\/p>\n<p data-start=\"229\" data-end=\"396\">A estrutura \u00e9 inteiramente produzida em madeira, dispon\u00edvel em v\u00e1rias tonalidades.<\/p>\n<p data-start=\"398\" data-end=\"542\">A tampa pode ser personalizada atrav\u00e9s de <strong data-start=\"440\" data-end=\"456\">Impress\u00e3o UV<\/strong>, <strong data-start=\"458\" data-end=\"478\">Grava\u00e7\u00e3o a Laser<\/strong> ou <strong data-start=\"482\" data-end=\"495\">Embossing<\/strong>, aplicados nos revestimentos que o permitem.<\/p>\n<p data-start=\"544\" data-end=\"748\">Tanto o fundo como a tampa da box podem ser revestidos com o mesmo material escolhido para a capa do \u00e1lbum. Inclui ainda uma fita, dispon\u00edvel em v\u00e1rias cores, que facilita a remo\u00e7\u00e3o do \u00e1lbum da caixa.<\/p>","protected":false},"excerpt":{"rendered":"<p>Box Flux \u00e9 uma caixa em madeira criada para guardar os seus \u00e1lbuns digitais, unindo funcionalidade e sofistica\u00e7\u00e3o. A estrutura<\/p>","protected":false},"featured_media":19505,"comment_status":"closed","ping_status":"closed","template":"","meta":{"rs_blank_template":"","rs_page_bg_color":"","slide_template_v7":"","inline_featured_image":false},"product_brand":[],"product_cat":[81],"product_tag":[],"class_list":{"0":"post-22948","1":"product","2":"type-product","3":"status-publish","4":"has-post-thumbnail","6":"product_cat-embalagens","8":"first","9":"instock","10":"taxable","11":"shipping-taxable","12":"product-type-variable"},"_links":{"self":[{"href":"https:\/\/rodrilab.com\/de\/wp-json\/wp\/v2\/product\/22948","targetHints":{"allow":["GET"]}}],"collection":[{"href":"https:\/\/rodrilab.com\/de\/wp-json\/wp\/v2\/product"}],"about":[{"href":"https:\/\/rodrilab.com\/de\/wp-json\/wp\/v2\/types\/product"}],"replies":[{"embeddable":true,"href":"https:\/\/rodrilab.com\/de\/wp-json\/wp\/v2\/comments?post=22948"}],"wp:featuredmedia":[{"embeddable":true,"href":"https:\/\/rodrilab.com\/de\/wp-json\/wp\/v2\/media\/19505"}],"wp:attachment":[{"href":"https:\/\/rodrilab.com\/de\/wp-json\/wp\/v2\/media?parent=22948"}],"wp:term":[{"taxonomy":"product_brand","embeddable":true,"href":"https:\/\/rodrilab.com\/de\/wp-json\/wp\/v2\/product_brand?post=22948"},{"taxonomy":"product_cat","embeddable":true,"href":"https:\/\/rodrilab.com\/de\/wp-json\/wp\/v2\/product_cat?post=22948"},{"taxonomy":"product_tag","embeddable":true,"href":"https:\/\/rodrilab.com\/de\/wp-json\/wp\/v2\/product_tag?post=22948"}],"curies":[{"name":"wp","href":"https:\/\/api.w.org\/{rel}","templated":true}]}}