{"id":22860,"date":"2025-08-29T18:47:59","date_gmt":"2025-08-29T18:47:59","guid":{"rendered":"https:\/\/rodrilab.com\/?post_type=product&#038;p=22860"},"modified":"2025-11-13T08:37:18","modified_gmt":"2025-11-13T08:37:18","slug":"box-lumine","status":"publish","type":"product","link":"https:\/\/rodrilab.com\/de\/produkt\/box-lumine\/","title":{"rendered":"Box Lumine"},"content":{"rendered":"<p data-start=\"65\" data-end=\"341\">A Box Lumine \u00e9 a uni\u00e3o perfeita entre delicadeza e sofistica\u00e7\u00e3o.<\/p>\n<p data-start=\"65\" data-end=\"341\">Com fundo em tecido elegante que pode ter o mesmo acabamento do \u00e1lbum ou outro material \u00e0 sua escolha, com tampa em acr\u00edlico transparente, valoriza o conte\u00fado com um toque moderno e luminoso.<\/p>\n<p data-start=\"343\" data-end=\"483\">O design de dois aros confere robustez e distin\u00e7\u00e3o, tornando-a a escolha ideal para guardar e apresentar \u00e1lbuns, com eleg\u00e2ncia intemporal.<\/p>","protected":false},"excerpt":{"rendered":"<p>A Box Lumine \u00e9 a uni\u00e3o perfeita entre delicadeza e sofistica\u00e7\u00e3o. Com fundo em tecido elegante que pode ter o<\/p>","protected":false},"featured_media":22445,"comment_status":"closed","ping_status":"closed","template":"","meta":{"rs_blank_template":"","rs_page_bg_color":"","slide_template_v7":"","inline_featured_image":false},"product_brand":[],"product_cat":[81],"product_tag":[],"class_list":{"0":"post-22860","1":"product","2":"type-product","3":"status-publish","4":"has-post-thumbnail","6":"product_cat-embalagens","8":"first","9":"instock","10":"taxable","11":"shipping-taxable","12":"product-type-variable"},"_links":{"self":[{"href":"https:\/\/rodrilab.com\/de\/wp-json\/wp\/v2\/product\/22860","targetHints":{"allow":["GET"]}}],"collection":[{"href":"https:\/\/rodrilab.com\/de\/wp-json\/wp\/v2\/product"}],"about":[{"href":"https:\/\/rodrilab.com\/de\/wp-json\/wp\/v2\/types\/product"}],"replies":[{"embeddable":true,"href":"https:\/\/rodrilab.com\/de\/wp-json\/wp\/v2\/comments?post=22860"}],"wp:featuredmedia":[{"embeddable":true,"href":"https:\/\/rodrilab.com\/de\/wp-json\/wp\/v2\/media\/22445"}],"wp:attachment":[{"href":"https:\/\/rodrilab.com\/de\/wp-json\/wp\/v2\/media?parent=22860"}],"wp:term":[{"taxonomy":"product_brand","embeddable":true,"href":"https:\/\/rodrilab.com\/de\/wp-json\/wp\/v2\/product_brand?post=22860"},{"taxonomy":"product_cat","embeddable":true,"href":"https:\/\/rodrilab.com\/de\/wp-json\/wp\/v2\/product_cat?post=22860"},{"taxonomy":"product_tag","embeddable":true,"href":"https:\/\/rodrilab.com\/de\/wp-json\/wp\/v2\/product_tag?post=22860"}],"curies":[{"name":"wp","href":"https:\/\/api.w.org\/{rel}","templated":true}]}}