{"id":22580,"date":"2025-08-27T17:02:20","date_gmt":"2025-08-27T17:02:20","guid":{"rendered":"https:\/\/rodrilab.com\/?post_type=product&#038;p=22580"},"modified":"2025-11-13T08:48:59","modified_gmt":"2025-11-13T08:48:59","slug":"velvet","status":"publish","type":"product","link":"https:\/\/rodrilab.com\/de\/produkt\/velvet\/","title":{"rendered":"Velvet"},"content":{"rendered":"<p><strong data-start=\"58\" data-end=\"73\">Velvet<\/strong><\/p>\n<p>Um \u00e1lbum de suavidade inconfund\u00edvel e toque aveludado, criado com uma constru\u00e7\u00e3o requintada.<\/p>\n<p>As delicadas texturas do Velvet elevam a apresenta\u00e7\u00e3o da sua sess\u00e3o fotogr\u00e1fica, conferindo-lhe eleg\u00e2ncia e sofistica\u00e7\u00e3o \u00fanica.<\/p>","protected":false},"excerpt":{"rendered":"<p>Velvet Um \u00e1lbum de suavidade inconfund\u00edvel e toque aveludado, criado com uma constru\u00e7\u00e3o requintada. As delicadas texturas do Velvet elevam<\/p>","protected":false},"featured_media":24711,"comment_status":"closed","ping_status":"closed","template":"","meta":{"rs_blank_template":"","rs_page_bg_color":"","slide_template_v7":"","inline_featured_image":false},"product_brand":[],"product_cat":[3077],"product_tag":[],"class_list":{"0":"post-22580","1":"product","2":"type-product","3":"status-publish","4":"has-post-thumbnail","6":"product_cat-albuns","8":"first","9":"instock","10":"taxable","11":"shipping-taxable","12":"product-type-variable"},"_links":{"self":[{"href":"https:\/\/rodrilab.com\/de\/wp-json\/wp\/v2\/product\/22580","targetHints":{"allow":["GET"]}}],"collection":[{"href":"https:\/\/rodrilab.com\/de\/wp-json\/wp\/v2\/product"}],"about":[{"href":"https:\/\/rodrilab.com\/de\/wp-json\/wp\/v2\/types\/product"}],"replies":[{"embeddable":true,"href":"https:\/\/rodrilab.com\/de\/wp-json\/wp\/v2\/comments?post=22580"}],"wp:featuredmedia":[{"embeddable":true,"href":"https:\/\/rodrilab.com\/de\/wp-json\/wp\/v2\/media\/24711"}],"wp:attachment":[{"href":"https:\/\/rodrilab.com\/de\/wp-json\/wp\/v2\/media?parent=22580"}],"wp:term":[{"taxonomy":"product_brand","embeddable":true,"href":"https:\/\/rodrilab.com\/de\/wp-json\/wp\/v2\/product_brand?post=22580"},{"taxonomy":"product_cat","embeddable":true,"href":"https:\/\/rodrilab.com\/de\/wp-json\/wp\/v2\/product_cat?post=22580"},{"taxonomy":"product_tag","embeddable":true,"href":"https:\/\/rodrilab.com\/de\/wp-json\/wp\/v2\/product_tag?post=22580"}],"curies":[{"name":"wp","href":"https:\/\/api.w.org\/{rel}","templated":true}]}}