{"id":22374,"date":"2025-08-21T18:20:38","date_gmt":"2025-08-21T18:20:38","guid":{"rendered":"https:\/\/rodrilab.com\/?post_type=product&#038;p=22374"},"modified":"2025-11-13T08:53:05","modified_gmt":"2025-11-13T08:53:05","slug":"wood-block","status":"publish","type":"product","link":"https:\/\/rodrilab.com\/de\/produkt\/wood-block\/","title":{"rendered":"Wood Block"},"content":{"rendered":"<p><strong data-start=\"70\" data-end=\"84\">Wood Block <\/strong>\u00e9 uma pe\u00e7a decorativa \u00fanica, com a fotografia impressa diretamente na madeira, real\u00e7ando o car\u00e1ter natural e elegante do material.<\/p>\n<p>Uma forma distinta e duradoura de preservar e expor as suas mem\u00f3rias com autenticidade.<\/p>","protected":false},"excerpt":{"rendered":"<p>Wood Block \u00e9 uma pe\u00e7a decorativa \u00fanica, com a fotografia impressa diretamente na madeira, real\u00e7ando o car\u00e1ter natural e elegante<\/p>","protected":false},"featured_media":22358,"comment_status":"closed","ping_status":"closed","template":"","meta":{"rs_blank_template":"","rs_page_bg_color":"","slide_template_v7":"","inline_featured_image":false},"product_brand":[],"product_cat":[3079],"product_tag":[],"class_list":{"0":"post-22374","1":"product","2":"type-product","3":"status-publish","4":"has-post-thumbnail","6":"product_cat-decoracao","8":"first","9":"instock","10":"taxable","11":"shipping-taxable","12":"product-type-variable"},"_links":{"self":[{"href":"https:\/\/rodrilab.com\/de\/wp-json\/wp\/v2\/product\/22374","targetHints":{"allow":["GET"]}}],"collection":[{"href":"https:\/\/rodrilab.com\/de\/wp-json\/wp\/v2\/product"}],"about":[{"href":"https:\/\/rodrilab.com\/de\/wp-json\/wp\/v2\/types\/product"}],"replies":[{"embeddable":true,"href":"https:\/\/rodrilab.com\/de\/wp-json\/wp\/v2\/comments?post=22374"}],"wp:featuredmedia":[{"embeddable":true,"href":"https:\/\/rodrilab.com\/de\/wp-json\/wp\/v2\/media\/22358"}],"wp:attachment":[{"href":"https:\/\/rodrilab.com\/de\/wp-json\/wp\/v2\/media?parent=22374"}],"wp:term":[{"taxonomy":"product_brand","embeddable":true,"href":"https:\/\/rodrilab.com\/de\/wp-json\/wp\/v2\/product_brand?post=22374"},{"taxonomy":"product_cat","embeddable":true,"href":"https:\/\/rodrilab.com\/de\/wp-json\/wp\/v2\/product_cat?post=22374"},{"taxonomy":"product_tag","embeddable":true,"href":"https:\/\/rodrilab.com\/de\/wp-json\/wp\/v2\/product_tag?post=22374"}],"curies":[{"name":"wp","href":"https:\/\/api.w.org\/{rel}","templated":true}]}}