{"id":21574,"date":"2025-07-23T18:47:34","date_gmt":"2025-07-23T18:47:34","guid":{"rendered":"https:\/\/rodrilab.com\/?post_type=product&#038;p=21574"},"modified":"2025-12-05T08:23:33","modified_gmt":"2025-12-05T08:23:33","slug":"basic-slim","status":"publish","type":"product","link":"https:\/\/rodrilab.com\/de\/produkt\/basic-slim\/","title":{"rendered":"Basic Slim"},"content":{"rendered":"<p data-start=\"121\" data-end=\"342\">Criado para quem valoriza a simplicidade com um toque de emo\u00e7\u00e3o, este produto destaca-se pela possibilidade de personalizar a capa com a sua melhor fotografia, transformando cada \u00e1lbum numa pe\u00e7a verdadeiramente \u00fanica.<\/p>\n<p data-start=\"344\" data-end=\"617\">Com 10 folhas (20 p\u00e1ginas), \u00e9 perfeito para sess\u00f5es mais curtas ou projetos tem\u00e1ticos que merecem destaque. Ideal para sess\u00f5es de rec\u00e9m-nascido, sess\u00f5es de est\u00fadio, mini sess\u00f5es sazonais, portf\u00f3lios profissionais ou como uma recorda\u00e7\u00e3o especial de um momento \u00fanico.<\/p>\n<p data-start=\"619\" data-end=\"760\">Como op\u00e7\u00e3o adicional, pode ainda escolher uma primeira guarda personalizada, conferindo um toque exclusivo logo na abertura do \u00e1lbum.<\/p>\n<p data-start=\"762\" data-end=\"884\">Elegante, resistente e de f\u00e1cil personaliza\u00e7\u00e3o, \u00e9 a escolha certa para quem procura um produto compacto, mas com presen\u00e7a.<\/p>\n<p>&nbsp;<\/p>","protected":false},"excerpt":{"rendered":"<p>Criado para quem valoriza a simplicidade com um toque de emo\u00e7\u00e3o, este produto destaca-se pela possibilidade de personalizar a capa<\/p>","protected":false},"featured_media":16466,"comment_status":"closed","ping_status":"closed","template":"","meta":{"rs_blank_template":"","rs_page_bg_color":"","slide_template_v7":"","inline_featured_image":false},"product_brand":[],"product_cat":[3078],"product_tag":[],"class_list":{"0":"post-21574","1":"product","2":"type-product","3":"status-publish","4":"has-post-thumbnail","6":"product_cat-books","8":"first","9":"instock","10":"taxable","11":"shipping-taxable","12":"product-type-variable"},"_links":{"self":[{"href":"https:\/\/rodrilab.com\/de\/wp-json\/wp\/v2\/product\/21574","targetHints":{"allow":["GET"]}}],"collection":[{"href":"https:\/\/rodrilab.com\/de\/wp-json\/wp\/v2\/product"}],"about":[{"href":"https:\/\/rodrilab.com\/de\/wp-json\/wp\/v2\/types\/product"}],"replies":[{"embeddable":true,"href":"https:\/\/rodrilab.com\/de\/wp-json\/wp\/v2\/comments?post=21574"}],"wp:featuredmedia":[{"embeddable":true,"href":"https:\/\/rodrilab.com\/de\/wp-json\/wp\/v2\/media\/16466"}],"wp:attachment":[{"href":"https:\/\/rodrilab.com\/de\/wp-json\/wp\/v2\/media?parent=21574"}],"wp:term":[{"taxonomy":"product_brand","embeddable":true,"href":"https:\/\/rodrilab.com\/de\/wp-json\/wp\/v2\/product_brand?post=21574"},{"taxonomy":"product_cat","embeddable":true,"href":"https:\/\/rodrilab.com\/de\/wp-json\/wp\/v2\/product_cat?post=21574"},{"taxonomy":"product_tag","embeddable":true,"href":"https:\/\/rodrilab.com\/de\/wp-json\/wp\/v2\/product_tag?post=21574"}],"curies":[{"name":"wp","href":"https:\/\/api.w.org\/{rel}","templated":true}]}}