{"id":21324,"date":"2025-07-17T19:17:46","date_gmt":"2025-07-17T19:17:46","guid":{"rendered":"https:\/\/rodrilab.com\/?post_type=product&#038;p=21324"},"modified":"2025-11-13T10:15:41","modified_gmt":"2025-11-13T10:15:41","slug":"misa","status":"publish","type":"product","link":"https:\/\/rodrilab.com\/de\/produkt\/misa\/","title":{"rendered":"Misa"},"content":{"rendered":"<p><strong>MISA COLLECTION<\/strong><\/p>\n<p>Die Misa-Kollektion ist der ultimative Ausdruck von Raffinesse und wurde entwickelt, um besondere Momente in unvergessliche Erinnerungen zu verwandeln.<\/p>\n<p>Jedes Produkt dieser Kollektion wurde sorgf\u00e4ltig gestaltet, um die perfekte Wahl bei der Erstellung von Alben zu sein, die die Abenteuer und Lebensgeschichten Ihrer Kunden festhalten. Dar\u00fcber hinaus beinhaltet die Kollektion eine elegante Tasche, die den Luxus erg\u00e4nzt und diese wertvollen Erinnerungen stilvoll sch\u00fctzt. <strong>inclui uma elegante bolsa<\/strong> , projetada para complementar o luxo e proteger essas preciosas lembran\u00e7as com estilo.<\/p>\n<p>Mit Exzellenz gefertigt aus einem hochwertigen, weichen und flexiblen Wollstoff und bereichert durch eine atemberaubende Palette texturierter Farben, verbindet diese Kollektion auf einzigartige Weise Luxus und Funktionalit\u00e4t.<\/p>\n<p>Ideal f\u00fcr Hochzeitsalben, Familienalben und Kindersitzungen ist die Misa-Kollektion nicht nur eine Wahl, sondern ein vollst\u00e4ndiges Erlebnis, das jede Erinnerung auf ein neues Niveau von Exklusivit\u00e4t und Sch\u00f6nheit hebt.<\/p>","protected":false},"excerpt":{"rendered":"<p>MISA COLLECTION A Misa Collection \u00e9 a express\u00e3o m\u00e1xima de sofistica\u00e7\u00e3o, concebida para transformar momentos especiais em mem\u00f3rias inesquec\u00edveis. Cada<\/p>","protected":false},"featured_media":18767,"comment_status":"closed","ping_status":"closed","template":"","meta":{"rs_blank_template":"","rs_page_bg_color":"","slide_template_v7":"","inline_featured_image":false},"product_brand":[],"product_cat":[3077],"product_tag":[],"class_list":{"0":"post-21324","1":"product","2":"type-product","3":"status-publish","4":"has-post-thumbnail","6":"product_cat-albuns","8":"first","9":"instock","10":"taxable","11":"shipping-taxable","12":"product-type-variable"},"_links":{"self":[{"href":"https:\/\/rodrilab.com\/de\/wp-json\/wp\/v2\/product\/21324","targetHints":{"allow":["GET"]}}],"collection":[{"href":"https:\/\/rodrilab.com\/de\/wp-json\/wp\/v2\/product"}],"about":[{"href":"https:\/\/rodrilab.com\/de\/wp-json\/wp\/v2\/types\/product"}],"replies":[{"embeddable":true,"href":"https:\/\/rodrilab.com\/de\/wp-json\/wp\/v2\/comments?post=21324"}],"wp:featuredmedia":[{"embeddable":true,"href":"https:\/\/rodrilab.com\/de\/wp-json\/wp\/v2\/media\/18767"}],"wp:attachment":[{"href":"https:\/\/rodrilab.com\/de\/wp-json\/wp\/v2\/media?parent=21324"}],"wp:term":[{"taxonomy":"product_brand","embeddable":true,"href":"https:\/\/rodrilab.com\/de\/wp-json\/wp\/v2\/product_brand?post=21324"},{"taxonomy":"product_cat","embeddable":true,"href":"https:\/\/rodrilab.com\/de\/wp-json\/wp\/v2\/product_cat?post=21324"},{"taxonomy":"product_tag","embeddable":true,"href":"https:\/\/rodrilab.com\/de\/wp-json\/wp\/v2\/product_tag?post=21324"}],"curies":[{"name":"wp","href":"https:\/\/api.w.org\/{rel}","templated":true}]}}