{"id":20425,"date":"2025-06-26T14:02:58","date_gmt":"2025-06-26T14:02:58","guid":{"rendered":"https:\/\/rodrilab.com\/?post_type=product&#038;p=20425"},"modified":"2026-04-23T19:03:11","modified_gmt":"2026-04-23T19:03:11","slug":"box-evox","status":"publish","type":"product","link":"https:\/\/rodrilab.com\/de\/produkt\/box-evox\/","title":{"rendered":"Box Evox"},"content":{"rendered":"<p data-start=\"121\" data-end=\"251\"><strong data-start=\"121\" data-end=\"133\">Box Evox<\/strong><\/p>\n<p data-start=\"121\" data-end=\"251\">A Box Evox \u00e9 a fus\u00e3o perfeita entre o estilo r\u00fastico e o cl\u00e1ssico, criando um equil\u00edbrio aut\u00eantico e sofisticado.<\/p>\n<p data-start=\"253\" data-end=\"464\">Com uma ampla variedade de revestimentos e o contraste harmonioso dos <strong data-start=\"323\" data-end=\"370\">aros de madeira dispon\u00edveis em v\u00e1rias cores<\/strong>, apresenta uma tampa solta com encaixe preciso, que garante um fecho equilibrado e est\u00e1vel.<\/p>\n<p data-start=\"466\" data-end=\"643\">Transmite suavidade n\u00e3o apenas ao toque, mas tamb\u00e9m ao olhar, tornando-se a escolha ideal para quem deseja conferir um toque <strong data-start=\"591\" data-end=\"615\">atemporal e refinado<\/strong> ao seu \u00e1lbum de mem\u00f3rias.<\/p>","protected":false},"excerpt":{"rendered":"<p>Box Evox A Box Evox \u00e9 a fus\u00e3o perfeita entre o estilo r\u00fastico e o cl\u00e1ssico, criando um equil\u00edbrio aut\u00eantico<\/p>","protected":false},"featured_media":26411,"comment_status":"closed","ping_status":"closed","template":"","meta":{"rs_blank_template":"","rs_page_bg_color":"","slide_template_v7":"","inline_featured_image":false},"product_brand":[],"product_cat":[81],"product_tag":[],"class_list":{"0":"post-20425","1":"product","2":"type-product","3":"status-publish","4":"has-post-thumbnail","6":"product_cat-embalagens","8":"first","9":"instock","10":"taxable","11":"shipping-taxable","12":"product-type-variable"},"_links":{"self":[{"href":"https:\/\/rodrilab.com\/de\/wp-json\/wp\/v2\/product\/20425","targetHints":{"allow":["GET"]}}],"collection":[{"href":"https:\/\/rodrilab.com\/de\/wp-json\/wp\/v2\/product"}],"about":[{"href":"https:\/\/rodrilab.com\/de\/wp-json\/wp\/v2\/types\/product"}],"replies":[{"embeddable":true,"href":"https:\/\/rodrilab.com\/de\/wp-json\/wp\/v2\/comments?post=20425"}],"wp:featuredmedia":[{"embeddable":true,"href":"https:\/\/rodrilab.com\/de\/wp-json\/wp\/v2\/media\/26411"}],"wp:attachment":[{"href":"https:\/\/rodrilab.com\/de\/wp-json\/wp\/v2\/media?parent=20425"}],"wp:term":[{"taxonomy":"product_brand","embeddable":true,"href":"https:\/\/rodrilab.com\/de\/wp-json\/wp\/v2\/product_brand?post=20425"},{"taxonomy":"product_cat","embeddable":true,"href":"https:\/\/rodrilab.com\/de\/wp-json\/wp\/v2\/product_cat?post=20425"},{"taxonomy":"product_tag","embeddable":true,"href":"https:\/\/rodrilab.com\/de\/wp-json\/wp\/v2\/product_tag?post=20425"}],"curies":[{"name":"wp","href":"https:\/\/api.w.org\/{rel}","templated":true}]}}