{"id":19699,"date":"2025-05-29T18:36:15","date_gmt":"2025-05-29T18:36:15","guid":{"rendered":"https:\/\/rodrilab.com\/?post_type=product&#038;p=19699"},"modified":"2026-04-14T14:56:27","modified_gmt":"2026-04-14T14:56:27","slug":"basic","status":"publish","type":"product","link":"https:\/\/rodrilab.com\/de\/produkt\/basic\/","title":{"rendered":"Basic"},"content":{"rendered":"<h5>Verwandeln Sie Erinnerungen in etwas Einzigartiges mit der Basic Collection!<\/h5>\n<h5>Die Basic-Kollektion ist die perfekte Wahl, um Ihre sch\u00f6nsten Momente auf einfache und elegante Weise festzuhalten.<\/h5>\n<h5>Mit einem Hardcover-Einband aus laminiertem Fotopapier k\u00f6nnen Sie das Album vollst\u00e4ndig personalisieren, indem Sie Ihr bestes Foto f\u00fcr das Cover ausw\u00e4hlen.<\/h5>\n<h5>Dar\u00fcber hinaus bieten wir exklusive Optionen wie die Personalisierung des Vorsatzblatts sowie die M\u00f6glichkeit, auf der ersten Seite ein zartes Pergaminblatt hinzuzuf\u00fcgen.<\/h5>\n<h5>Halte Erinnerungen mit Stil und Raffinesse fest.<\/h5>","protected":false},"excerpt":{"rendered":"<p>Transforme mem\u00f3rias em algo \u00fanico com o Basic Collection! Os Basic Collection s\u00e3o a escolha perfeita para guardar\u00a0 momentos mais<\/p>","protected":false},"featured_media":19702,"comment_status":"closed","ping_status":"closed","template":"","meta":{"rs_blank_template":"","rs_page_bg_color":"","slide_template_v7":"","inline_featured_image":false},"product_brand":[],"product_cat":[3077],"product_tag":[],"class_list":{"0":"post-19699","1":"product","2":"type-product","3":"status-publish","4":"has-post-thumbnail","6":"product_cat-albuns","8":"first","9":"instock","10":"taxable","11":"shipping-taxable","12":"product-type-variable"},"_links":{"self":[{"href":"https:\/\/rodrilab.com\/de\/wp-json\/wp\/v2\/product\/19699","targetHints":{"allow":["GET"]}}],"collection":[{"href":"https:\/\/rodrilab.com\/de\/wp-json\/wp\/v2\/product"}],"about":[{"href":"https:\/\/rodrilab.com\/de\/wp-json\/wp\/v2\/types\/product"}],"replies":[{"embeddable":true,"href":"https:\/\/rodrilab.com\/de\/wp-json\/wp\/v2\/comments?post=19699"}],"wp:featuredmedia":[{"embeddable":true,"href":"https:\/\/rodrilab.com\/de\/wp-json\/wp\/v2\/media\/19702"}],"wp:attachment":[{"href":"https:\/\/rodrilab.com\/de\/wp-json\/wp\/v2\/media?parent=19699"}],"wp:term":[{"taxonomy":"product_brand","embeddable":true,"href":"https:\/\/rodrilab.com\/de\/wp-json\/wp\/v2\/product_brand?post=19699"},{"taxonomy":"product_cat","embeddable":true,"href":"https:\/\/rodrilab.com\/de\/wp-json\/wp\/v2\/product_cat?post=19699"},{"taxonomy":"product_tag","embeddable":true,"href":"https:\/\/rodrilab.com\/de\/wp-json\/wp\/v2\/product_tag?post=19699"}],"curies":[{"name":"wp","href":"https:\/\/api.w.org\/{rel}","templated":true}]}}