{"id":83,"date":"2018-01-12T17:21:52","date_gmt":"2018-01-12T17:21:52","guid":{"rendered":"https:\/\/rodrilab.com\/?page_id=83"},"modified":"2024-12-25T17:09:53","modified_gmt":"2024-12-25T17:09:53","slug":"politica-privacidade","status":"publish","type":"page","link":"https:\/\/rodrilab.com\/de\/politica-privacidade\/","title":{"rendered":"Datenschutzrichtlinie"},"content":{"rendered":"<div class=\"wpb-content-wrapper\"><div class=\"vc_row wpb_row vc_row-fluid\"><div class=\"wpb_column vc_column_container vc_col-sm-12\"><div class=\"vc_column-inner\"><div class=\"wpb_wrapper\">\n\t<div class=\"wpb_text_column wpb_content_element\" >\n\t\t<div class=\"wpb_wrapper\">\n\t\t\t<p><strong>RODRILAB ist auf die Bereitstellung von fotografischen Produkten und Dienstleistungen f\u00fcr Unternehmen in der Fotobranche und professionelle Fotografen spezialisiert.<\/strong><\/p>\n<p>Das Unternehmen respektiert die Privatsph\u00e4re der Besucher seiner Website, deren Startseite unter https:\/\/www.rodrilab.com zu finden ist.<br \/>\nDiese Datenschutzrichtlinie soll Sie \u00fcber unsere Richtlinien und Praktiken hinsichtlich der Erhebung, Nutzung und Weitergabe von Informationen informieren, die Sie uns \u00fcber unsere Website zur Verf\u00fcgung stellen.<\/p>\n<p>Diese Richtlinie beschreibt kurz die Informationen, die wir m\u00f6glicherweise erfassen, deren m\u00f6gliche Verwendungen sowie weitere wichtige Themen in Bezug auf den Datenschutz und den Schutz der Nutzerdaten.<\/p>\n<p>Alle nutzerbezogenen Informationen werden von RODRILAB gem\u00e4\u00df der Verordnung (EU) 2016\/679 vom 27. April 2016 (Datenschutz-Grundverordnung \u2013 DSGVO) verarbeitet.<\/p>\n\n\t\t<\/div>\n\t<\/div>\n<\/div><\/div><\/div><\/div><div class=\"vc_row wpb_row vc_row-fluid wd-rs-676c2ef4cd9e0\"><div class=\"wpb_column vc_column_container vc_col-sm-12\"><div class=\"vc_column-inner\"><div class=\"wpb_wrapper\"><div  class=\"vc_do_toggle vc_toggle vc_toggle_default vc_toggle_color_default vc_toggle_size_md\"><div class=\"vc_toggle_title\"><h4>Verantwortung f\u00fcr die Datenverarbeitung<\/h4><i class=\"vc_toggle_icon\"><\/i><\/div><div class=\"vc_toggle_content\"><p>RODRILAB mit Sitz in der Rua da Escola, 147, 4750-492 GALEGOS S. MARTINHO, USt-IdNr. 517 379 210, ist die f\u00fcr die Verarbeitung Ihrer Daten verantwortliche Stelle, die \u00fcber ihre verschiedenen Websites sowie \u00fcber ihre Registrierungs- und Kontaktformulare erhoben werden.<\/p>\n<\/div><\/div><div  class=\"vc_do_toggle vc_toggle vc_toggle_default vc_toggle_color_default vc_toggle_size_md\"><div class=\"vc_toggle_title\"><h4>Einwilligung zur Nutzung<\/h4><i class=\"vc_toggle_icon\"><\/i><\/div><div class=\"vc_toggle_content\"><p>Durch das \u00dcbermitteln Ihrer gesch\u00e4ftlichen Informationen oder anderer Inhalte \u00fcber unsere Website stimmen Sie den Bedingungen dieser Datenschutzrichtlinie zu und willigen ausdr\u00fccklich in die Verarbeitung Ihrer Daten gem\u00e4\u00df dieser Datenschutzrichtlinie ein.<\/p>\n<p>Wir erfassen nur die Informationen, die unbedingt erforderlich sind, um einen qualitativ hochwertigen Service zu bieten. Diese Datenerhebung hilft uns, die Nutzer unserer Website, unsere Kunden und potenzielle Kunden besser zu verstehen. Wir verwenden diese Daten, um die angeforderten Dienstleistungen bereitzustellen.<\/p>\n<p>Die bereitgestellten Daten werden ausschlie\u00dflich von Rodrilab f\u00fcr die Verwaltung und Produktion von Bestellungen, Kontaktanfragen sowie Informationen \u00fcber Produkte und Dienstleistungen verwendet. Diese Daten werden elektronisch verarbeitet und in eine Datei aufgenommen, die sich im Besitz von RODRILAB befindet (Rua da Escola 147 \u2013 4750-492 Galegos S. Martinho).<\/p>\n<p>Der betroffenen Person wird das Recht auf Zugang, Berichtigung, \u00c4nderung oder L\u00f6schung ihrer Daten garantiert. Die Anfrage ist an den Verantwortlichen f\u00fcr die Datenverarbeitung \u2013 RODRILAB \u2013 unter der E-Mail-Adresse geral@rodrilab.com zu richten. In der Regel beantworten wir Anfragen innerhalb von 28 Tagen nach Eingang.<\/p>\n<\/div><\/div><div  class=\"vc_do_toggle vc_toggle vc_toggle_default vc_toggle_color_default vc_toggle_size_md\"><div class=\"vc_toggle_title\"><h4>Erhobene Daten und Verwendungszwecke<\/h4><i class=\"vc_toggle_icon\"><\/i><\/div><div class=\"vc_toggle_content\"><p>Alle erhobenen Informationen entsprechen der Datenschutz-Grundverordnung (DSGVO).<\/p>\n<p>Wir bewahren Ihre Informationen so lange auf, wie es erforderlich ist, um Ihnen unsere Dienstleistungen bereitzustellen und die in dieser Richtlinie genannten Zwecke zu erf\u00fcllen. Dies gilt auch f\u00fcr jede Person oder jedes Unternehmen, mit dem wir Ihre Daten teilen und das Dienstleistungen f\u00fcr RODRILAB erbringt. Wenn wir Ihre Informationen nicht mehr ben\u00f6tigen und keine gesetzliche oder regulatorische Aufbewahrungspflicht besteht, werden sie aus unseren Systemen gel\u00f6scht oder so anonymisiert, dass sie nicht mehr identifizierbar sind.<\/p>\n<p>Wenn Sie sich auf unserer Website registrieren, erfassen wir Ihre gesch\u00e4ftlichen Daten wie den Firmennamen, den Namen der Kontaktperson, die Adresse, die E-Mail-Adresse, die Steuernummer usw. Wir erheben au\u00dferdem Daten, die es uns erm\u00f6glichen, Ihr Kundenprofil zu definieren, insbesondere den Bereich der Fotografie, in dem Sie t\u00e4tig sind (Hochzeit, Neugeborene, Studio oder andere).<\/p>\n<p>Wenn Sie auf der Website Produkte oder Dienstleistungen bestellen, erfassen wir alle notwendigen Informationen zur Abwicklung der Transaktion, einschlie\u00dflich Bilder, Rechnungsdaten, Kontaktinformationen und Lieferadresse.<\/p>\n<p>Wenn Sie den RODRILAB-Newsletter abonnieren, erfassen wir Ihren Namen und Ihre E-Mail-Adresse.<\/p>\n<p>Wenn Sie uns \u00fcber die Formulare auf unserer Website Kommentare, Fragen oder Feedback senden, erfassen wir Ihren Namen, Ihre E-Mail-Adresse sowie Ihre Kommentare, Fragen oder R\u00fcckmeldungen.<\/p>\n<p>Wenn Sie an unseren Umfragen teilnehmen, k\u00f6nnen zus\u00e4tzliche Informationen erfasst werden.<\/p>\n<p>Wenn Sie uns per E-Mail kontaktieren, erfassen wir Ihre E-Mail-Adresse, alle Informationen, die in der E-Mail enthalten sind, sowie alle beigef\u00fcgten Anh\u00e4nge.<\/p>\n<p>Im Allgemeinen dienen die von Ihnen bereitgestellten Informationen dazu, Sie zu kontaktieren, Ihre Fragen zu beantworten oder uns dabei zu unterst\u00fctzen, einen qualitativ hochwertigen Service entsprechend Ihren Erwartungen bereitzustellen.<\/p>\n<p>Bitte beachten Sie, dass die Inhalte, die Sie auf unseren Plattformen hochladen, personenbezogene Daten Dritter enthalten k\u00f6nnen (wie Bilder, Lieferadressen, Kontaktdaten oder andere Informationen).<\/p>\n<p>Beachten Sie, dass Sie zum Teilen dieser Inhalte mit uns (oder mit anderen, \u00fcber Funktionen unserer Software wie die Erstellung von Proofs oder Vorschaufunktionen) die ausdr\u00fcckliche Zustimmung der betroffenen Personen ben\u00f6tigen. Mit dem Hochladen dieser Daten auf unsere Plattformen versichern Sie uns, dass Sie dazu berechtigt sind.<\/p>\n<p>Die \u00fcbermittelten Dateninhalte, die f\u00fcr die Produktion und Lieferung von Bestellungen erforderlich sind und personenbezogene Informationen Dritter enthalten k\u00f6nnen, werden von RODRILAB ausschlie\u00dflich zum Zweck der Auftragsabwicklung erhoben und verarbeitet und f\u00fcr maximal ein Jahr gespeichert.<\/p>\n<p>Newsletter-Anmeldung:<\/p>\n<p>RODRILAB kann Mitteilungen zu Zwecken des Direktmarketings versenden, insbesondere durch den Einsatz automatisierter Anruf- und Kommunikationssysteme, die keine menschliche Beteiligung erfordern (automatische Anrufger\u00e4te), Faxger\u00e4te oder elektronische Post, einschlie\u00dflich SMS (Kurznachrichtendienste), EMS (erweiterte Nachrichtendienste), MMS (Multimedia-Nachrichtendienste) und andere \u00e4hnliche Anwendungen.<\/p>\n<p>Als Teil unserer Datenbank k\u00f6nnen Sie Newsletter mit Inhalten \u00fcber RODRILAB erhalten, die Sie \u00fcber Sonderangebote, Werbeinhalte, Umfragen, gesponserte Veranstaltungen oder Ank\u00fcndigungen von \u00c4nderungen und Upgrades unserer Produkte und Dienstleistungen informieren.<\/p>\n<p>Der RODRILAB-Newsletter wird per E-Mail versendet. Wenn Sie sich \u00fcber die RODRILAB-Website oder an anderer Stelle f\u00fcr den Newsletter anmelden, stimmen Sie der Erhebung Ihres Namens und Ihrer E-Mail-Adresse zu diesem Zweck zu. Um sicherzustellen, dass die Anmeldung tats\u00e4chlich von Ihnen stammt, senden wir Ihnen nach der Anmeldung eine E-Mail, in der wir Sie bitten, Ihre Zustimmung zur Erhebung und Speicherung Ihrer personenbezogenen Daten zu diesem Zweck zu best\u00e4tigen.<\/p>\n<p>Die Newsletter von RODRILAB enthalten Tracking-Pixel. Diese Pixel sind Codes, die in die E-Mail eingebettet sind, um statistische Daten zu generieren, die wir ben\u00f6tigen, um den Erfolg des Versands zu bewerten. Anhand dieser Daten k\u00f6nnen wir sehen, ob die E-Mail ge\u00f6ffnet wurde und auf welche Links geklickt wurde.<\/p>\n<p>Um Ihnen die passendsten Inhalte oder solche, die f\u00fcr Ihren Gesch\u00e4ftsbereich besonders relevant sein k\u00f6nnten, zuzusenden, k\u00f6nnen wir Daten erfassen, die uns helfen, Ihr Kundenprofil zu definieren (zum Beispiel als Hochzeits-, Newborn-Fotograf usw.).<\/p>\n<p>Das Newsletter-Abonnement kann jederzeit \u00fcber den Link im Fu\u00dfbereich der E-Mail gek\u00fcndigt werden. Wenn Sie dies tun, werden Ihre Daten f\u00fcr diesen Zweck nicht mehr verarbeitet. Im Fu\u00dfbereich der E-Mail finden Sie auch einen weiteren Link, mit dem Sie Ihre Daten \u00e4ndern oder aktualisieren k\u00f6nnen.<\/p>\n<p>Die von Ihnen bereitgestellten Daten werden in einer verschl\u00fcsselten Abonnentendatenbank gespeichert, bis Sie deren L\u00f6schung beantragen.<\/p>\n<p>Kontaktformular:<\/p>\n<p>Um Nachrichten \u00fcber das Kontaktformular auf der Seite \u201eKontakt\u201c der Website rodrilab.com zu senden, m\u00fcssen Sie Ihren Namen und Ihre E-Mail-Adresse angeben. Diese Daten werden ausschlie\u00dflich zur Bearbeitung Ihrer Kontaktanfrage verwendet und nach Abschluss des ersten Kontakts nicht f\u00fcr andere Zwecke verarbeitet.<\/p>\n<p>Bez\u00fcglich Kinder:<\/p>\n<p>Wir sammeln keine personenbezogenen Daten von Besuchern unter 18 Jahren absichtlich.<\/p>\n<p>Andere Websites:<\/p>\n<p>Jeder Link, den Sie auf unserer Website zu einer anderen Website oder einem anderen Ort finden, dient nur zu Ihrer Bequemlichkeit und stellt keine Billigung dieser Website oder ihres Inhalts dar. Bitte beachten Sie, dass die Bestimmungen unserer Datenschutzrichtlinie f\u00fcr diese anderen Websites nicht gelten.<\/p>\n<\/div><\/div><div  class=\"vc_do_toggle vc_toggle vc_toggle_default vc_toggle_color_default vc_toggle_size_md\"><div class=\"vc_toggle_title\"><h4>Wie lange wir Ihre Daten aufbewahren.<\/h4><i class=\"vc_toggle_icon\"><\/i><\/div><div class=\"vc_toggle_content\"><p>Wir bewahren Ihre gesch\u00e4ftlichen Informationen so lange auf, wie es erforderlich ist, um die von Ihnen angeforderten Dienstleistungen zu erbringen oder f\u00fcr andere wesentliche Zwecke wie die Einhaltung gesetzlicher Verpflichtungen, die Beilegung von Streitigkeiten und die Durchsetzung unserer Richtlinien.<\/p>\n<\/div><\/div><div  class=\"vc_do_toggle vc_toggle vc_toggle_default vc_toggle_color_default vc_toggle_size_md\"><div class=\"vc_toggle_title\"><h4>Offenlegung von gesch\u00e4ftlichen und pers\u00f6nlichen Informationen<\/h4><i class=\"vc_toggle_icon\"><\/i><\/div><div class=\"vc_toggle_content\"><p>Sofern in dieser Datenschutzerkl\u00e4rung nicht anders angegeben, verkauft, vermietet oder teilt Rodrilab Ihre Informationen nicht mit Dritten und gibt keine Informationen weiter, die Sie uns \u00fcbermitteln, es sei denn, Sie verlangen dies.<\/p>\n<p>Wir k\u00f6nnen Ihre Gesch\u00e4ftsinformationen oder andere uns bereitgestellte Daten mit Dritten teilen, um Ihnen die \u00fcber die Website angeforderten Produkte und Dienstleistungen bereitzustellen, beispielsweise mit Unternehmen, die den Transport Ihrer Bestellungen durchf\u00fchren.<\/p>\n<p>Falls Rodrilab von einem anderen Unternehmen \u00fcbernommen wird, wird dieses die von uns gesammelten Informationen besitzen und die in dieser Datenschutzrichtlinie beschriebenen Rechte und Pflichten respektieren.<\/p>\n<\/div><\/div><div  class=\"vc_do_toggle vc_toggle vc_toggle_default vc_toggle_color_default vc_toggle_size_md\"><div class=\"vc_toggle_title\"><h4>Recht auf Zugang und Widerruf der Einwilligung.<\/h4><i class=\"vc_toggle_icon\"><\/i><\/div><div class=\"vc_toggle_content\"><p>Als betroffene Person haben Sie das Recht zu erfahren, ob RODRILAB Daten verarbeitet, die Sie betreffen, und falls ja, das Recht auf Zugang, Aktualisierung, Berichtigung ungenauer Daten oder L\u00f6schung derselben.<\/p>\n<p>Sie k\u00f6nnen diese Rechte aus\u00fcben, indem Sie eine schriftliche Mitteilung an RODRILAB, Rua da Escola, 147, 4750-492 Galegos S. Martinho, senden oder eine E-Mail an geral@rodrilab.com schicken.<\/p>\n<p>In allen RODRILAB-Newslettern k\u00f6nnen Sie Ihre Daten auch direkt \u00fcber die Links im Footer der E-Mails aktualisieren oder Ihr Abonnement k\u00fcndigen. Wenn Sie diese Optionen aus\u00fcben, werden Ihre Daten entweder nicht mehr verarbeitet oder sofort aktualisiert, je nach Ihrer Wahl.<\/p>\n<p>Der nachtr\u00e4gliche Widerruf der f\u00fcr die Verarbeitung Ihrer Daten erteilten Einwilligung ber\u00fchrt nicht die Rechtm\u00e4\u00dfigkeit der Verarbeitung, die auf der zuvor erteilten Einwilligung beruht.<\/p>\n<p>Beschwerderecht<\/p>\n<p>Die betroffene Person hat das Recht, eine Beschwerde bez\u00fcglich jeglicher Angelegenheit im Zusammenhang mit der Verarbeitung ihrer Daten bei RODRILAB einzureichen, telefonisch unter +351 253 088 353(*) oder per E-Mail an geral@rodrilab.com.<\/p>\n<p>Nichtsdestotrotz hat die betroffene Person das Recht, eine Beschwerde bei der Nationalen Datenschutzkommission \u2013 CNPD einzureichen.<\/p>\n<p>(*) Kosten f\u00fcr einen Anruf ins nationale Mobilfunk- oder Festnetz gem\u00e4\u00df Ihrem Tarif in Portugal und\/oder im Roaming.<\/p>\n<\/div><\/div><div  class=\"vc_do_toggle vc_toggle vc_toggle_default vc_toggle_color_default vc_toggle_size_md\"><div class=\"vc_toggle_title\"><h4>Schutz Ihrer personenbezogenen Daten.<\/h4><i class=\"vc_toggle_icon\"><\/i><\/div><div class=\"vc_toggle_content\"><p>Welche Ma\u00dfnahmen ergreift RODRILAB, um die Sicherheit Ihrer personenbezogenen Daten zu gew\u00e4hrleisten?<\/p>\n<p>RODRILAB verpflichtet sich, alle Ma\u00dfnahmen zu ergreifen, die in seiner Macht stehen, um die von seinen Kunden bereitgestellten Daten zu sch\u00fctzen. In diesem Zusammenhang wurden technische und organisatorische Sicherheitsma\u00dfnahmen ergriffen, um Ihre personenbezogenen Daten vor Weitergabe, Verlust oder Missbrauch zu sch\u00fctzen.<\/p>\n<p>In diesem Zusammenhang erfordern alle Websites von RODRILAB sowie alle Formulare zur Datenerfassung verschl\u00fcsselte Browsersitzungen, und alle Daten werden sicher in den Systemen von RODRILAB gespeichert, gesch\u00fctzt durch angemessene Sicherheitsma\u00dfnahmen.<\/p>\n<p>Dar\u00fcber hinaus sind alle Drittparteien, mit denen wir Ihre Daten teilen, um den bestm\u00f6glichen Service zu bieten, verpflichtet, technische Sicherheitsma\u00dfnahmen umzusetzen und schriftlich die Einhaltung der geltenden gesetzlichen Anforderungen zu garantieren.<\/p>\n<p>Ungeachtet der von RODRILAB ergriffenen Sicherheitsma\u00dfnahmen warnen wir unsere Kunden, die im Internet surfen, davor, zus\u00e4tzliche Sicherheitsma\u00dfnahmen zu ergreifen, wie die Verwendung aktueller Systeme, aktive Firewalls und Computer, die durch Antiviren- und Anti-Spyware-Systeme gesch\u00fctzt sind, und die \u00dcberpr\u00fcfung der Authentizit\u00e4t der von ihnen besuchten Websites.<\/p>\n<p>Obwohl RODRILAB bedeutende Ma\u00dfnahmen ergriffen hat, um sicherzustellen, dass keine an uns \u00fcbermittelten Informationen von unbefugten Personen abgefangen, eingesehen, verwendet oder offengelegt werden, sollten Sie bedenken, dass RODRILAB die mit Ihren Informationen verbundenen Sicherheitsrisiken nicht vollst\u00e4ndig beseitigen kann. Im unwahrscheinlichen Fall einer Sicherheitsverletzung, die von unseren Systemen ausgeht, hat RODRILAB Diagnose- und Schadensbegrenzungsprotokolle eingerichtet und verpflichtet sich, alle Betroffenen sowie die Aufsichtsbeh\u00f6rde gem\u00e4\u00df den geltenden Vorschriften zu informieren.<\/p>\n<\/div><\/div><\/div><\/div><\/div><\/div>\n<\/div>","protected":false},"excerpt":{"rendered":"A RODRILAB dedica-se ao fornecimento de produtos e servi\u00e7os fotogr\u00e1ficos a empresas na \u00e1rea da fotografia e fot\u00f3grafos profissionais. A","protected":false},"author":87,"featured_media":0,"parent":0,"menu_order":0,"comment_status":"closed","ping_status":"closed","template":"","meta":{"rs_blank_template":"","rs_page_bg_color":"","slide_template_v7":"","inline_featured_image":false,"footnotes":""},"class_list":["post-83","page","type-page","status-publish","hentry"],"_links":{"self":[{"href":"https:\/\/rodrilab.com\/de\/wp-json\/wp\/v2\/pages\/83","targetHints":{"allow":["GET"]}}],"collection":[{"href":"https:\/\/rodrilab.com\/de\/wp-json\/wp\/v2\/pages"}],"about":[{"href":"https:\/\/rodrilab.com\/de\/wp-json\/wp\/v2\/types\/page"}],"author":[{"embeddable":true,"href":"https:\/\/rodrilab.com\/de\/wp-json\/wp\/v2\/users\/87"}],"replies":[{"embeddable":true,"href":"https:\/\/rodrilab.com\/de\/wp-json\/wp\/v2\/comments?post=83"}],"version-history":[{"count":0,"href":"https:\/\/rodrilab.com\/de\/wp-json\/wp\/v2\/pages\/83\/revisions"}],"wp:attachment":[{"href":"https:\/\/rodrilab.com\/de\/wp-json\/wp\/v2\/media?parent=83"}],"curies":[{"name":"wp","href":"https:\/\/api.w.org\/{rel}","templated":true}]}}