{"id":69,"date":"2018-01-11T19:31:32","date_gmt":"2018-01-11T19:31:32","guid":{"rendered":"https:\/\/rodrilab.com\/?page_id=69"},"modified":"2025-06-20T18:14:53","modified_gmt":"2025-06-20T18:14:53","slug":"termos-e-condicoes","status":"publish","type":"page","link":"https:\/\/rodrilab.com\/de\/termos-e-condicoes\/","title":{"rendered":"Allgemeine Gesch\u00e4ftsbedingungen"},"content":{"rendered":"<div class=\"wpb-content-wrapper\"><div class=\"vc_row wpb_row vc_row-fluid\"><div class=\"wpb_column vc_column_container vc_col-sm-12\"><div class=\"vc_column-inner\"><div class=\"wpb_wrapper\">\n\t<div class=\"wpb_text_column wpb_content_element\" >\n\t\t<div class=\"wpb_wrapper\">\n\t\t\t<p>Der Zugriff auf unsere Website sowie die Nutzung unserer Produkte und Dienstleistungen unterliegen den nachfolgend dargestellten Bedingungen.<\/p>\n<p>Durch die Nutzung dieser Website stimmt der Kunde den Nutzungsbedingungen zu, die gelegentlich aktualisiert werden k\u00f6nnen. Wir empfehlen Ihnen, diese Seite regelm\u00e4\u00dfig zu besuchen, um \u00fcber \u00c4nderungen dieser Bedingungen informiert zu bleiben.<\/p>\n<p>RODRILAB ist eine eingetragene Marke, USt-IdNr. 517 379 210, Rua da Escola 147, 4750-492 Galegos S. Martinho, Barcelos, Portugal.<\/p>\n<p>Der Zugriff auf diese Website wird vor\u00fcbergehend gew\u00e4hrt, und wir behalten uns das Recht vor, Dienstleistungen ohne vorherige Ank\u00fcndigung zur\u00fcckzuziehen oder zu \u00e4ndern. Wir \u00fcbernehmen keine Verantwortung, wenn diese Website aus irgendeinem Grund f\u00fcr einen bestimmten Zeitraum nicht verf\u00fcgbar ist, und wir k\u00f6nnen gelegentlich den Zugang zu bestimmten Bereichen einschr\u00e4nken.<\/p>\n<p>RODRILAB haftet nicht f\u00fcr Sch\u00e4den oder Verluste, die aus der Nutzung von Informationen auf dieser Website entstehen k\u00f6nnen.<\/p>\n<p>Einige Hyperlinks auf dieser Website leiten den Kunden zu externen Websites weiter, die Partner von RODRILAB sind. Durch Klicken auf diese Hyperlinks verlassen Sie die RODRILAB-Website. Da wir keine Kontrolle \u00fcber diese Websites haben, \u00fcbernehmen wir keine Verantwortung f\u00fcr deren Inhalte.<\/p>\n<p>Um eine Bestellung aufzugeben, muss der Kunde mindestens 18 Jahre alt sein und verpflichtet sich, wahrheitsgem\u00e4\u00dfe Daten bereitzustellen, die eine erfolgreiche Bearbeitung seiner Bestellung erm\u00f6glichen. F\u00fcr alle Zwecke betrachtet RODRILAB eine juristische Person als identifiziert und individualisiert durch die Verbindung zwischen ihrem Firmennamen, ihrem Sitz und ihrer juristischen Identifikationsnummer.<\/p>\n<p>Um Kunde von RODRILAB zu sein, m\u00fcssen Sie unserer Datenschutzerkl\u00e4rung zustimmen.<\/p>\n<p><strong><button class=\"accordion-button\" type=\"button\" aria-expanded=\"true\"><span class=\"panel-title\">Zahlungsmethoden<\/span><\/button><\/strong><\/p>\n<p>Mit der Aufgabe einer Bestellung bei Rodrilab erkennen Sie an, dass das Unternehmen sich das Recht vorbeh\u00e4lt, f\u00fcr die von ihm erbrachten Dienstleistungen Geb\u00fchren zu erheben und die angebotenen Tarife nach eigenem Ermessen zu \u00e4ndern, wobei dies auf seiner Website oder in seinen Anwendungen angek\u00fcndigt wird. Durch die Nutzung der Dienste sind Sie f\u00fcr die Zahlung aller anfallenden Geb\u00fchren verantwortlich.<\/p>\n<p>Auf der Website rodrilab.com erfolgen Bestellzahlungen ausschlie\u00dflich online per Kreditkarte (Visa, Mastercard, American Express), PayPal, MB Way, Multibanco, Apple Pay und Google Pay.<\/p>\n<p>Sie erkl\u00e4ren sich damit einverstanden, alle mit Ihren Bestellungen und Eink\u00e4ufen verbundenen Kosten (einschlie\u00dflich aller erhobenen Geb\u00fchren, die nicht auf Verkaufs-, Nutzungs- oder Mehrwertsteuern beschr\u00e4nkt sein m\u00fcssen) zu den zum Zeitpunkt der Zahlung geltenden Tarifen zu tragen.<\/p>\n<p>RODRILAB kann Versandgeb\u00fchren automatisch f\u00fcr Adressen innerhalb von Rechtsgebieten erheben, in denen solche Geb\u00fchren verpflichtend sind.<\/p>\n<p>Bestellungen von Produkten, die au\u00dferhalb Portugals geliefert werden, k\u00f6nnen Steuern und Geb\u00fchren unterliegen, die bei Ankunft der Produkte am Zielort erhoben werden. Da Zollgeb\u00fchren von Land zu Land variieren, sollten Sie die Zollbeh\u00f6rden Ihres Landes f\u00fcr weitere Informationen kontaktieren. Bitte beachten Sie auch, dass Sie als Importeur gelten und alle Gesetze und Vorschriften Ihres Landes einhalten m\u00fcssen.<\/p>\n<div>\n<h2 class=\"accordion-header\"><strong><button class=\"accordion-button\" type=\"button\" aria-expanded=\"true\"><span class=\"panel-title\">Versand<\/span><\/button><\/strong><\/h2>\n<div class=\"accordion-collapse collapse show\">\n<p>RODRILAB-Produkte werden nach Auftragserteilung und Zahlungsbest\u00e4tigung nach Ablauf der Produktionszeit, gerechnet in Werktagen, versandt, die je nach ausgew\u00e4hltem Produkt und Lieferadresse variieren kann. Die Produktionszeiten jedes Produkts k\u00f6nnen Sie in unserem Katalog einsehen.<\/p>\n<p>Rodrilab liefert weltweit. Bitte kontaktieren Sie uns f\u00fcr weitere Informationen zum Versand in L\u00e4nder, die nicht in unserer Versandkostentabelle aufgef\u00fchrt sind.<\/p>\n<p>Alle anfallenden Z\u00f6lle, Geb\u00fchren und Steuern m\u00fcssen vom Empf\u00e4nger bei der Lieferung bezahlt werden.<\/p>\n<p>Die Lieferungen erfolgen in der Regel innerhalb eines Zeitraums von 1 bis 8 Tagen nach dem Versanddatum. F\u00fcr Adressen in entlegeneren Gegenden bitten wir um zus\u00e4tzliche Lieferzeit.<\/p>\n<p>Die Preise k\u00f6nnen zum Zeitpunkt des Kaufs, auf der Rechnung oder durch vorherige Kontaktaufnahme \u00fcber die \u00fcblichen Kan\u00e4le eingesehen werden.<\/p>\n<\/div>\n<\/div>\n<div>\n<h2 class=\"accordion-header\"><strong><button class=\"accordion-button\" type=\"button\" aria-expanded=\"true\"><span class=\"panel-title\">R\u00fcckgaben und R\u00fcckerstattungen<\/span><\/button><\/strong><\/h2>\n<div class=\"accordion-collapse collapse show\">\n<p><span style=\"color: #808080;\">Rodrilab garantiert die Zufriedenheit mit der Herstellung Ihrer Bestellung. Innerhalb der Produktionskette gibt es mehrere Qualit\u00e4tskontrollstufen.<\/span><\/p>\n<p><span style=\"color: #808080;\">Aufgrund der handwerklichen Natur des Gesch\u00e4fts kann es jedoch zu kleinen Abweichungen in der Farbe der Materialien und der Produktfertigung kommen, die als individuelle Pers\u00f6nlichkeit jedes einzelnen angesehen werden.<\/span><\/p>\n<p><span style=\"color: #808080;\">F\u00fcr den unwahrscheinlichen Fall, dass Ihre Bestellung besch\u00e4digt oder mit einem Herstellungsfehler ankommt, kontaktieren Sie uns bitte \u00fcber Ihren Kundenbetreuer oder direkt unter geral@rodrilab.com am n\u00e4chsten Werktag nach Erhalt mit einem Foto des festgestellten Mangels.<\/span><\/p>\n<p><span style=\"color: #808080;\">Wir werden die Situation kl\u00e4ren. Nach Auftragserteilung kann Rodrilab aufgrund des hohen Individualisierungsgrads der Produkte die Bestellung nicht stornieren und\/oder den gezahlten Betrag nicht erstatten, au\u00dfer in den ausdr\u00fccklich in dieser R\u00fcckgabe- und Erstattungsrichtlinie beschriebenen F\u00e4llen (d. h. wenn Ihr Produkt besch\u00e4digt oder mit einem Herstellungsfehler ankommt). Andernfalls k\u00f6nnen wir keine R\u00fccksendungen akzeptieren. Bitte beachten Sie, dass jedes bei unserem Unternehmen bestellte Produkt individuell von verschiedenen Ger\u00e4ten und Mitarbeitern hergestellt wird.<\/span><\/p>\n<p><span style=\"color: #808080;\">Es kann leichte Unterschiede zwischen verschiedenen Drucken und Bindungen desselben Produkts geben.<\/span><\/p>\n<p><span style=\"color: #808080;\">Wir arbeiten hart daran, Ihr Produkt so konsistent wie m\u00f6glich zu halten, aber Variationen bei den Oberfl\u00e4chen sind normal, gelten nicht als Herstellungsfehler und rechtfertigen keine Neuproduktion.<\/span><\/p>\n<p><span style=\"color: #808080;\">Die Verantwortung von Rodrilab beschr\u00e4nkt sich auf den Ersatz des besch\u00e4digten Produkts, ohne Entsch\u00e4digung oder Ausgleich f\u00fcr eventuelle Folgesch\u00e4den. Ihr Produkt geh\u00f6rt vollst\u00e4ndig Ihnen: Rodrilab sendet keine Korrekturabz\u00fcge, bearbeitet oder \u00e4ndert den Inhalt nicht.<\/span><\/p>\n<\/div>\n<div class=\"accordion-collapse collapse show\" style=\"text-align: left;\">\n<p><span style=\"color: #808080;\">Infolgedessen hat Rodrilab Einschr\u00e4nkungen bei der Garantie Ihres Produkts, die die Verpflichtung zur Korrektur umfassen:<\/span><\/p>\n<ul>\n<li><span style=\"color: #808080;\">\u00a0Typografische, grammatikalische Fehler, unvollst\u00e4ndige Texte oder andere Texte mit Fehlern;<\/span><\/li>\n<li><span style=\"color: #808080;\">\u00a0Niedrige Aufl\u00f6sung der Bilder, die sich auf den Druck der Bilder auswirken kann;<\/span><\/li>\n<li><span style=\"color: #808080;\">\u00a0Designspezifikationen, einschlie\u00dflich Produktgr\u00f6\u00dfe, Organisation, Stil, Farbe und Layout;<\/span><\/li>\n<li><span style=\"color: #808080;\">\u00a0Jegliche andere kreative Entscheidungen, die Sie in Bezug auf Ihr Produkt getroffen haben.<\/span><\/li>\n<\/ul>\n<p><span style=\"color: #808080;\">Dies bedeutet, dass die Verantwortung f\u00fcr die \u00dcberpr\u00fcfung der Seitenaufteilung des Produkts vor dem Versand bei Ihnen liegt.<\/span><\/p>\n<p><span style=\"color: #808080;\">Sie sollten dies tun, indem Sie vor dem Drucken eine Vorschau anzeigen, und wir empfehlen dringend, einen Freund zu bitten, es vor dem Absenden zu \u00fcberpr\u00fcfen. Das bedeutet, dass Sie zustimmen, keine Inhalte zu senden, die nicht vollst\u00e4ndig \u00fcberpr\u00fcft wurden und von denen Sie nicht sicher sind, dass sie druckbereit sind.<\/span><\/p>\n<\/div>\n<div class=\"accordion-collapse collapse show\">\n<p><span style=\"color: #808080;\">Der Inhalt Ihres Produkts liegt vollst\u00e4ndig in Ihrer Verantwortung, und Sie m\u00fcssen sicherstellen, dass er keine Datenschutzrechte, Werberechte, Urheberrechte oder sonstige Rechte von Personen oder Einrichtungen verletzt.<\/span><\/p>\n<p><span style=\"color: #808080;\">Inhalte umfassen Texte, Dateien, Designvorlagen, Bilder, Fotos, urheberrechtlich gesch\u00fctzte Werke und andere Materialien.<\/span><\/p>\n<p><span style=\"color: #808080;\">Die Aufnahme von \u201eVer\u00f6ffentlicht von Rodrilab\u201c oder einem anderen Hinweis, der direkt oder indirekt suggeriert oder impliziert, dass Rodrilab der Herausgeber der mit den Diensten des Unternehmens erstellten Produkte ist, ist ohne vorherige Genehmigung ausdr\u00fccklich verboten.<\/span><\/p>\n<p><span style=\"color: #808080;\">Ihre Bestellung ist ein einmaliger Druck nach Ihrem Kauf, und wir lagern keine Produkte. Daher k\u00f6nnen wir R\u00fcckgaben oder R\u00fcckerstattungen aus anderen Gr\u00fcnden als den oben beschriebenen nicht akzeptieren.<\/span><\/p>\n<\/div>\n<\/div>\n<p><!-- e651d4032b2f793c0d038812ad576b82 --><\/p>\n\n\t\t<\/div>\n\t<\/div>\n<\/div><\/div><\/div><\/div>\n<\/div>","protected":false},"excerpt":{"rendered":"Der Zugriff auf unsere Website sowie die Nutzung unserer Produkte und Dienstleistungen unterliegen den nachfolgend dargestellten Bedingungen.","protected":false},"author":87,"featured_media":0,"parent":0,"menu_order":0,"comment_status":"closed","ping_status":"closed","template":"","meta":{"rs_blank_template":"","rs_page_bg_color":"","slide_template_v7":"","inline_featured_image":false,"footnotes":""},"class_list":["post-69","page","type-page","status-publish","hentry"],"_links":{"self":[{"href":"https:\/\/rodrilab.com\/de\/wp-json\/wp\/v2\/pages\/69","targetHints":{"allow":["GET"]}}],"collection":[{"href":"https:\/\/rodrilab.com\/de\/wp-json\/wp\/v2\/pages"}],"about":[{"href":"https:\/\/rodrilab.com\/de\/wp-json\/wp\/v2\/types\/page"}],"author":[{"embeddable":true,"href":"https:\/\/rodrilab.com\/de\/wp-json\/wp\/v2\/users\/87"}],"replies":[{"embeddable":true,"href":"https:\/\/rodrilab.com\/de\/wp-json\/wp\/v2\/comments?post=69"}],"version-history":[{"count":1,"href":"https:\/\/rodrilab.com\/de\/wp-json\/wp\/v2\/pages\/69\/revisions"}],"predecessor-version":[{"id":20337,"href":"https:\/\/rodrilab.com\/de\/wp-json\/wp\/v2\/pages\/69\/revisions\/20337"}],"wp:attachment":[{"href":"https:\/\/rodrilab.com\/de\/wp-json\/wp\/v2\/media?parent=69"}],"curies":[{"name":"wp","href":"https:\/\/api.w.org\/{rel}","templated":true}]}}