{"id":66,"date":"2018-01-11T19:30:11","date_gmt":"2018-01-11T19:30:11","guid":{"rendered":"https:\/\/rodrilab.com\/?page_id=66"},"modified":"2025-06-18T12:27:21","modified_gmt":"2025-06-18T12:27:21","slug":"condicoes-de-envio","status":"publish","type":"page","link":"https:\/\/rodrilab.com\/de\/condicoes-de-envio\/","title":{"rendered":"Versandbedingungen"},"content":{"rendered":"<div class=\"wpb-content-wrapper\"><div class=\"vc_row wpb_row vc_row-fluid\"><div class=\"wpb_column vc_column_container vc_col-sm-12\"><div class=\"vc_column-inner\"><div class=\"wpb_wrapper\">\n\t<div class=\"wpb_text_column wpb_content_element\" >\n\t\t<div class=\"wpb_wrapper\">\n\t\t\t<p><img loading=\"lazy\" decoding=\"async\" class=\"size-thumbnail wp-image-18615 alignright\" src=\"https:\/\/rodrilab.com\/wp-content\/uploads\/2024\/12\/DPS-UPS-400x400.png\" alt=\"\" width=\"400\" height=\"400\" \/><\/p>\n<p>&nbsp;<\/p>\n<p><span style=\"color: #777777;\"><span style=\"font-family: Poppins, Arial, Helvetica, sans-serif;\"><span style=\"font-size: small;\">Logistikpartner<\/span><\/span><\/span><\/p>\n<p><span style=\"color: #777777;\"><span style=\"font-family: Poppins, Arial, Helvetica, sans-serif;\"><span style=\"font-size: small;\">Ihre Zufriedenheit ist unsere oberste Priorit\u00e4t, und wir verstehen, dass diese \u00fcber den Moment der hinausgeht<\/span><\/span><\/span><\/p>\n<p><span style=\"color: #777777;\"><span style=\"font-family: Poppins, Arial, Helvetica, sans-serif;\"><span style=\"font-size: small;\">Produktion. Wir verpflichten uns, die h\u00f6chstm\u00f6gliche Sicherheit Ihrer Bestellung zu gew\u00e4hrleisten \u2013 vom<\/span><\/span><\/span><\/p>\n<p><span style=\"color: #777777;\"><span style=\"font-family: Poppins, Arial, Helvetica, sans-serif;\"><span style=\"font-size: small;\">vom Verpackungsprozess bis zur finalen Lieferung. Zu diesem Zweck wird jeder Schritt sorgf\u00e4ltig geplant und<\/span><\/span><\/span><\/p>\n<p><span style=\"color: #777777;\"><span style=\"font-family: Poppins, Arial, Helvetica, sans-serif;\"><span style=\"font-size: small;\">von unseren Mitarbeitenden koordiniert, die mit Sorgfalt und Liebe zum Detail arbeiten.\u00a0 \u00a0\u00a0<\/span><\/span><\/span><\/p>\n<p><span style=\"color: #777777;\"><span style=\"font-family: Poppins, Arial, Helvetica, sans-serif;\"><span style=\"font-size: small;\">Wir arbeiten ausschlie\u00dflich mit den besten Logistikpartnern zusammen, um sicherzustellen, dass die Unversehrtheit Ihrer<\/span><\/span><\/span><\/p>\n<p><span style=\"color: #777777;\"><span style=\"font-family: Poppins, Arial, Helvetica, sans-serif;\"><span style=\"font-size: small;\">Bestellung w\u00e4hrend des gesamten Transports unversehrt bleibt \u2013 von unserem Standort bis zu Ihrer<\/span><\/span><\/span><\/p>\n<p><span style=\"color: #777777;\"><span style=\"font-family: Poppins, Arial, Helvetica, sans-serif;\"><span style=\"font-size: small;\">Lieferadresse.<\/span><\/span><\/span><\/p>\n\n\t\t<\/div>\n\t<\/div>\n<\/div><\/div><\/div><\/div>\n<\/div>","protected":false},"excerpt":{"rendered":"&nbsp; Parceiros Log\u00edsticos A nossa principal prioridade \u00e9 a sua satisfa\u00e7\u00e3o, e entendemos que esta vai al\u00e9m do momento da","protected":false},"author":87,"featured_media":0,"parent":0,"menu_order":0,"comment_status":"closed","ping_status":"closed","template":"","meta":{"rs_blank_template":"","rs_page_bg_color":"","slide_template_v7":"","inline_featured_image":false,"footnotes":""},"class_list":["post-66","page","type-page","status-publish","hentry"],"_links":{"self":[{"href":"https:\/\/rodrilab.com\/de\/wp-json\/wp\/v2\/pages\/66","targetHints":{"allow":["GET"]}}],"collection":[{"href":"https:\/\/rodrilab.com\/de\/wp-json\/wp\/v2\/pages"}],"about":[{"href":"https:\/\/rodrilab.com\/de\/wp-json\/wp\/v2\/types\/page"}],"author":[{"embeddable":true,"href":"https:\/\/rodrilab.com\/de\/wp-json\/wp\/v2\/users\/87"}],"replies":[{"embeddable":true,"href":"https:\/\/rodrilab.com\/de\/wp-json\/wp\/v2\/comments?post=66"}],"version-history":[{"count":9,"href":"https:\/\/rodrilab.com\/de\/wp-json\/wp\/v2\/pages\/66\/revisions"}],"predecessor-version":[{"id":20295,"href":"https:\/\/rodrilab.com\/de\/wp-json\/wp\/v2\/pages\/66\/revisions\/20295"}],"wp:attachment":[{"href":"https:\/\/rodrilab.com\/de\/wp-json\/wp\/v2\/media?parent=66"}],"curies":[{"name":"wp","href":"https:\/\/api.w.org\/{rel}","templated":true}]}}