{"id":63,"date":"2018-01-11T19:28:11","date_gmt":"2018-01-11T19:28:11","guid":{"rendered":"https:\/\/rodrilab.com\/?page_id=63"},"modified":"2024-12-25T19:44:57","modified_gmt":"2024-12-25T19:44:57","slug":"metodos-de-pagamento","status":"publish","type":"page","link":"https:\/\/rodrilab.com\/de\/metodos-de-pagamento\/","title":{"rendered":"Zahlungsmethoden"},"content":{"rendered":"<div class=\"wpb-content-wrapper\"><div class=\"vc_row wpb_row vc_row-fluid\"><div class=\"wpb_column vc_column_container vc_col-sm-12\"><div class=\"vc_column-inner\"><div class=\"wpb_wrapper\">\n\t<div class=\"wpb_text_column wpb_content_element\" >\n\t\t<div class=\"wpb_wrapper\">\n\t\t\t<h4 style=\"text-align: center;\">Die Bezahlung der Bestellungen erfolgt ausschlie\u00dflich online per Kreditkarte (Mastercard, Visa und American Express), PayPal oder MB Way.<\/h4>\n<p><img loading=\"lazy\" decoding=\"async\" class=\"wp-image-18608 aligncenter\" src=\"https:\/\/rodrilab.com\/wp-content\/uploads\/2024\/12\/Pagamentos-e1735155695546.png\" alt=\"\" width=\"811\" height=\"118\" \/><\/p>\n\n\t\t<\/div>\n\t<\/div>\n<\/div><\/div><\/div><\/div>\n<\/div>","protected":false},"excerpt":{"rendered":"O pagamento das encomendas \u00e9 exclusivamente online atrav\u00e9s de Cart\u00e3o de Cr\u00e9dito (Mastercard, Visa e American Express) , Paypal ou","protected":false},"author":87,"featured_media":0,"parent":0,"menu_order":0,"comment_status":"closed","ping_status":"closed","template":"","meta":{"rs_blank_template":"","rs_page_bg_color":"","slide_template_v7":"","inline_featured_image":false,"footnotes":""},"class_list":["post-63","page","type-page","status-publish","hentry"],"_links":{"self":[{"href":"https:\/\/rodrilab.com\/de\/wp-json\/wp\/v2\/pages\/63","targetHints":{"allow":["GET"]}}],"collection":[{"href":"https:\/\/rodrilab.com\/de\/wp-json\/wp\/v2\/pages"}],"about":[{"href":"https:\/\/rodrilab.com\/de\/wp-json\/wp\/v2\/types\/page"}],"author":[{"embeddable":true,"href":"https:\/\/rodrilab.com\/de\/wp-json\/wp\/v2\/users\/87"}],"replies":[{"embeddable":true,"href":"https:\/\/rodrilab.com\/de\/wp-json\/wp\/v2\/comments?post=63"}],"version-history":[{"count":0,"href":"https:\/\/rodrilab.com\/de\/wp-json\/wp\/v2\/pages\/63\/revisions"}],"wp:attachment":[{"href":"https:\/\/rodrilab.com\/de\/wp-json\/wp\/v2\/media?parent=63"}],"curies":[{"name":"wp","href":"https:\/\/api.w.org\/{rel}","templated":true}]}}