{"id":60,"date":"2018-01-11T19:25:41","date_gmt":"2018-01-11T19:25:41","guid":{"rendered":"https:\/\/rodrilab.com\/?page_id=60"},"modified":"2024-12-26T18:13:03","modified_gmt":"2024-12-26T18:13:03","slug":"sobre-nos","status":"publish","type":"page","link":"https:\/\/rodrilab.com\/de\/sobre-nos\/","title":{"rendered":"\u00dcber Uns"},"content":{"rendered":"<p>&nbsp;<\/p>\n<section>\n<div class=\"container\">\n<div class=\"row v-align-children\">\n<div class=\"col-md-5 col-md-offset-1 col-sm-6 col-sm-offset-1\">\n<h4><span style=\"color: #000000;\"><strong>Rodrilab \u2013 \u00dcber uns<\/strong><\/span><\/h4>\n<h5><span style=\"color: #808080;\">Bei Rodrilab treibt uns die Leidenschaft an, unvergessliche Erinnerungen in dauerhafte Kunstwerke zu verwandeln. Wir sind auf die Herstellung und den Druck hochwertiger digitaler Alben spezialisiert und schaffen Produkte, die einzigartige Geschichten feiern \u2013 wie Hochzeiten, Taufen, Newborn-Shootings und andere unvergessliche Anl\u00e4sse.<\/span><\/h5>\n<h5><span style=\"color: #808080;\">Wir verbinden modernste Technologie und anspruchsvolles Design mit handwerklichem Flair, um sicherzustellen, dass jedes Album ein einzigartiges St\u00fcck ist, das die Essenz und Emotion Ihrer wertvollsten Momente einf\u00e4ngt. Jedes Detail wird mit gr\u00f6\u00dfter Sorgfalt ausgearbeitet \u2013 Ausdruck unseres unersch\u00fctterlichen Engagements f\u00fcr h\u00f6chste Qualit\u00e4t.<\/span><\/h5>\n<h5><span style=\"color: #808080;\">Mehr als ein Unternehmen sind wir visuelle Geschichtenerz\u00e4hler. Wir leben und lieben, was wir tun, denn wir glauben, dass jedes L\u00e4cheln, jeder Blick und jede Erinnerung es verdient, perfekt bewahrt zu werden. Ob es darum geht, den wichtigsten Tag Ihres Lebens zu verewigen oder die kleinen Augenblicke festzuhalten, die den Unterschied machen \u2013 wir sind hier, um Alben zu schaffen, die Erwartungen \u00fcbertreffen und zu wahren Erbst\u00fccken f\u00fcr kommende Generationen werden.<\/span><\/h5>\n<h5><strong><span style=\"color: #000000;\">Emotionen in Kunst verwandeln \u2013 damit Ihre Geschichten f\u00fcr immer in Erinnerung bleiben.<\/span><\/strong><\/h5>\n<\/div>\n<\/div>\n<\/div>\n<\/section>","protected":false},"excerpt":{"rendered":"<p>&nbsp; Rodrilab, quem somos Na Rodrilab, somos movidos pela paix\u00e3o de transformar mem\u00f3rias inesquec\u00edveis em obras de arte duradouras. Especializados<\/p>","protected":false},"author":87,"featured_media":0,"parent":0,"menu_order":0,"comment_status":"closed","ping_status":"closed","template":"","meta":{"rs_blank_template":"","rs_page_bg_color":"","slide_template_v7":"","inline_featured_image":false,"footnotes":""},"class_list":["post-60","page","type-page","status-publish","hentry"],"_links":{"self":[{"href":"https:\/\/rodrilab.com\/de\/wp-json\/wp\/v2\/pages\/60","targetHints":{"allow":["GET"]}}],"collection":[{"href":"https:\/\/rodrilab.com\/de\/wp-json\/wp\/v2\/pages"}],"about":[{"href":"https:\/\/rodrilab.com\/de\/wp-json\/wp\/v2\/types\/page"}],"author":[{"embeddable":true,"href":"https:\/\/rodrilab.com\/de\/wp-json\/wp\/v2\/users\/87"}],"replies":[{"embeddable":true,"href":"https:\/\/rodrilab.com\/de\/wp-json\/wp\/v2\/comments?post=60"}],"version-history":[{"count":0,"href":"https:\/\/rodrilab.com\/de\/wp-json\/wp\/v2\/pages\/60\/revisions"}],"wp:attachment":[{"href":"https:\/\/rodrilab.com\/de\/wp-json\/wp\/v2\/media?parent=60"}],"curies":[{"name":"wp","href":"https:\/\/api.w.org\/{rel}","templated":true}]}}