{"id":581,"date":"2019-03-01T13:39:37","date_gmt":"2019-03-01T13:39:37","guid":{"rendered":"https:\/\/rodrilab.com\/?page_id=581"},"modified":"2025-06-17T22:20:20","modified_gmt":"2025-06-17T22:20:20","slug":"garantia-de-qualidade","status":"publish","type":"page","link":"https:\/\/rodrilab.com\/de\/garantia-de-qualidade\/","title":{"rendered":"Qualit\u00e4tsgarantie"},"content":{"rendered":"<h3 class=\"uk-h2 uk-margin-small uk-margin-remove-bottom uk-text-left@m uk-text-center\">Support und Qualit\u00e4tskontrolle<\/h3>\n<ul>\n<li class=\"uk-panel uk-margin-small uk-margin-remove-bottom\">Ihre Zufriedenheit ist unsere oberste Priorit\u00e4t. Alle unsere Produkte durchlaufen drei strenge Qualit\u00e4tskontrollen, um sicherzustellen, dass jedes Detail perfekt ist.<\/li>\n<li class=\"uk-panel uk-margin-small uk-margin-remove-bottom\">Wir k\u00fcmmern uns um den gesamten Prozess \u2013 von der Auftragsannahme bis zum finalen Versand \u2013 mit kontinuierlicher Betreuung durch spezialisierte Fachkr\u00e4fte, um in jeder Phase der Fertigung h\u00f6chste Qualit\u00e4t zu gew\u00e4hrleisten.<\/li>\n<\/ul>\n<div>\n<hr \/>\n<\/div>\n<h3 class=\"uk-h5 uk-text-emphasis uk-margin-large uk-margin-remove-bottom uk-width-xlarge uk-margin-auto-left@m uk-margin-remove-right@m uk-margin-auto uk-text-left@m uk-text-center\">Unterst\u00fctzung und Begleitung<\/h3>\n<ul>\n<li class=\"uk-panel uk-margin-small uk-margin-remove-bottom uk-width-xlarge@m uk-margin-auto-left@m uk-margin-remove-right@m uk-margin-auto uk-text-left@m uk-text-center\">Bei Rodrilab steht Ihnen ein Kundenservice-Team zur Verf\u00fcgung, das jederzeit bereit ist, Sie bestm\u00f6glich zu unterst\u00fctzen. Wir beantworten Ihre Fragen, verfolgen den Fortschritt Ihrer Bestellungen und informieren Sie regelm\u00e4\u00dfig \u00fcber den Status und die Produktion Ihrer Produkte.<\/li>\n<li class=\"uk-panel uk-margin-small uk-margin-remove-bottom uk-width-xlarge@m uk-margin-auto-left@m uk-margin-remove-right@m uk-margin-auto uk-text-left@m uk-text-center\">Dar\u00fcber hinaus engagiert sich unser hochqualifiziertes Vertriebsteam daf\u00fcr, das Wachstum Ihres Unternehmens durch den Verkauf fotografischer Produkte voranzutreiben \u2013 denn wir glauben, dass Ihr Erfolg auch unser Erfolg ist.<\/li>\n<\/ul>\n<div>\n<hr \/>\n<\/div>\n<div class=\"uk-grid tm-grid-expand uk-child-width-1-1 uk-grid-margin\">\n<div class=\"uk-width-1-1\">\n<h3 class=\"uk-h2 uk-margin-remove-vertical uk-text-center\">Materialien und Farbe<\/h3>\n<\/div>\n<\/div>\n<div class=\"uk-grid tm-grid-expand uk-grid-column-medium uk-margin-large\">\n<div class=\"uk-grid-item-match uk-flex-middle uk-width-1-2@m\">\n<div class=\"uk-panel uk-width-1-1\">\n<ul>\n<li class=\"uk-panel uk-margin-small uk-margin-remove-bottom uk-text-left@m uk-text-center\">Wir bieten eine gro\u00dfe Auswahl an hochwertigen Materialien mit Bez\u00fcgen, die sowohl durch ihre visuelle Ausstrahlung als auch durch ihr angenehmes Tastgef\u00fchl \u00fcberzeugen.<\/li>\n<li class=\"uk-panel uk-margin-small uk-margin-remove-bottom uk-text-left@m uk-text-center\">Unsere Mitarbeitenden, erfahrene Handwerksk\u00fcnstler, widmen sich der Verfeinerung der Technik, um das Beste aus jedem Material herauszuholen und ein au\u00dfergew\u00f6hnliches Ergebnis zu gew\u00e4hrleisten.<\/li>\n<li class=\"uk-panel uk-margin-small uk-margin-remove-bottom uk-text-left@m uk-text-center\">Au\u00dferdem zeichnen sich unsere Druckpapiere nicht nur durch ihre Vielfalt, sondern auch durch ihre hervorragende Qualit\u00e4t aus \u2013 geliefert von weltweit anerkannten und zertifizierten Marken wie Hahnem\u00fchle und Fujifilm.<\/li>\n<\/ul>\n<div>\n<hr \/>\n<\/div>\n<\/div>\n<\/div>\n<\/div>\n<h3 class=\"uk-h5 uk-text-emphasis uk-margin-large uk-margin-remove-bottom uk-width-xlarge uk-margin-auto-left@m uk-margin-remove-right@m uk-margin-auto uk-text-left@m uk-text-center\">T\u00e4gliche Farbpr\u00fcfungen<\/h3>\n<ul>\n<li class=\"uk-panel uk-margin-small uk-margin-remove-bottom uk-width-xlarge@m uk-margin-auto-left@m uk-margin-remove-right@m uk-margin-auto uk-text-left@m uk-text-center\">Die Druckqualit\u00e4t ist eng mit der Farbgenauigkeit verbunden. Deshalb f\u00fchren wir t\u00e4gliche Farbproofs durch, die von einem spezialisierten und zertifizierten Drucktechniker \u00fcberwacht werden.<\/li>\n<li class=\"uk-panel uk-margin-small uk-margin-remove-bottom uk-width-xlarge@m uk-margin-auto-left@m uk-margin-remove-right@m uk-margin-auto uk-text-left@m uk-text-center\">Nach den Proofs f\u00fchren wir die notwendigen Kalibrierungen an allen Druckger\u00e4ten durch, um sicherzustellen, dass die Farben Ihrer Produkte stets den gelieferten Dateien entsprechen.<\/li>\n<li class=\"uk-panel uk-margin-small uk-margin-remove-bottom uk-width-xlarge@m uk-margin-auto-left@m uk-margin-remove-right@m uk-margin-auto uk-text-left@m uk-text-center\">Jedes Produkt wird mit gr\u00f6\u00dfter Sorgfalt und Aufmerksamkeit gedruckt und gepr\u00fcft, um sicherzustellen, dass die Farben den Erwartungen entsprechen und Ihre Kunden beeindrucken.<\/li>\n<\/ul>\n<div>\n<hr \/>\n<\/div>\n<div class=\"uk-margin-large uk-container\">\n<div class=\"uk-grid tm-grid-expand uk-child-width-1-1\">\n<div class=\"uk-grid-item-match uk-width-1-1\">\n<div class=\"uk-tile-muted uk-tile uk-padding-remove\">\n<h3 class=\"uk-h2 uk-margin-remove-vertical uk-text-left@m uk-text-center\">Umweltbewusstsein und Kunststoffverwendung<\/h3>\n<\/div>\n<\/div>\n<\/div>\n<\/div>\n<div class=\"uk-grid tm-grid-expand uk-grid-margin\">\n<div class=\"uk-grid-item-match uk-flex-bottom uk-width-1-2@m uk-first-column\">\n<div class=\"uk-panel uk-width-1-1\">\n<ul>\n<li class=\"uk-panel uk-margin-small uk-margin-remove-bottom uk-width-large@m uk-margin-auto-right@m uk-margin-remove-left@m uk-margin-auto uk-text-left@m uk-text-center\">Umweltvertr\u00e4glichkeit ist eines unserer wichtigsten Anliegen. Deshalb haben wir beschlossen, auf Kunststoff in unseren Verpackungen zu verzichten \u2013 ohne dabei die Sicherheit oder Qualit\u00e4t unserer Produkte zu beeintr\u00e4chtigen.<\/li>\n<li class=\"uk-panel uk-margin-small uk-margin-remove-bottom uk-width-large@m uk-margin-auto-right@m uk-margin-remove-left@m uk-margin-auto uk-text-left@m uk-text-center\">Wir empfehlen, den Recyclingkreislauf nach Erhalt Ihrer Bestellung fortzusetzen und so zu einer nachhaltigeren Zukunft beizutragen.<\/li>\n<\/ul>\n<div>\n<hr \/>\n<\/div>\n<div>\n<h3 class=\"uk-h5 uk-text-emphasis uk-margin-large uk-margin-remove-bottom uk-width-large uk-margin-auto-left@m uk-margin-remove-right@m uk-margin-auto uk-text-left@m uk-text-center\">Druck und Chemiebehandlung<\/h3>\n<ul>\n<li class=\"uk-panel uk-margin-small uk-margin-remove-bottom uk-width-large@m uk-margin-auto-left@m uk-margin-remove-right@m uk-margin-auto uk-text-left@m uk-text-center\">Wir setzen auf fortschrittliche Drucktechniken mit High-End-Ger\u00e4ten, die an der Spitze der Druckbranche stehen und f\u00fcr Innovation und Exzellenz anerkannt sind.<\/li>\n<li class=\"uk-panel uk-margin-small uk-margin-remove-bottom uk-width-large@m uk-margin-auto-left@m uk-margin-remove-right@m uk-margin-auto uk-text-left@m uk-text-center\">Einer der Hauptvorteile unserer Ger\u00e4te ist die F\u00e4higkeit, Rohstoffverschwendung zu minimieren, sodass nur die wirklich ben\u00f6tigten Mengen verwendet werden.<\/li>\n<li class=\"uk-panel uk-margin-small uk-margin-remove-bottom uk-width-large@m uk-margin-auto-left@m uk-margin-remove-right@m uk-margin-auto uk-text-left@m uk-text-center\">Dar\u00fcber hinaus werden die im Druckprozess eingesetzten Chemikalien von einem spezialisierten und zertifizierten Unternehmen sorgf\u00e4ltig behandelt, um die Umweltbelastung so gering wie m\u00f6glich zu halten.<\/li>\n<\/ul>\n<\/div>\n<\/div>\n<\/div>\n<\/div>\n<p><!-- a61d25be4c419d1a5bd71dd99eaac457 --><\/p>","protected":false},"excerpt":{"rendered":"<p>Apoio e controlo de qualidade A sua satisfa\u00e7\u00e3o \u00e9 a nossa principal prioridade. Todos os nossos produtos passam por tr\u00eas<\/p>","protected":false},"author":87,"featured_media":0,"parent":0,"menu_order":0,"comment_status":"closed","ping_status":"closed","template":"","meta":{"rs_blank_template":"","rs_page_bg_color":"","slide_template_v7":"","inline_featured_image":false,"footnotes":""},"class_list":["post-581","page","type-page","status-publish","hentry"],"_links":{"self":[{"href":"https:\/\/rodrilab.com\/de\/wp-json\/wp\/v2\/pages\/581","targetHints":{"allow":["GET"]}}],"collection":[{"href":"https:\/\/rodrilab.com\/de\/wp-json\/wp\/v2\/pages"}],"about":[{"href":"https:\/\/rodrilab.com\/de\/wp-json\/wp\/v2\/types\/page"}],"author":[{"embeddable":true,"href":"https:\/\/rodrilab.com\/de\/wp-json\/wp\/v2\/users\/87"}],"replies":[{"embeddable":true,"href":"https:\/\/rodrilab.com\/de\/wp-json\/wp\/v2\/comments?post=581"}],"version-history":[{"count":1,"href":"https:\/\/rodrilab.com\/de\/wp-json\/wp\/v2\/pages\/581\/revisions"}],"predecessor-version":[{"id":20277,"href":"https:\/\/rodrilab.com\/de\/wp-json\/wp\/v2\/pages\/581\/revisions\/20277"}],"wp:attachment":[{"href":"https:\/\/rodrilab.com\/de\/wp-json\/wp\/v2\/media?parent=581"}],"curies":[{"name":"wp","href":"https:\/\/api.w.org\/{rel}","templated":true}]}}