{"id":18720,"date":"2025-01-02T22:44:59","date_gmt":"2025-01-02T22:44:59","guid":{"rendered":"https:\/\/rodrilab.com\/?page_id=18720"},"modified":"2025-01-02T22:55:15","modified_gmt":"2025-01-02T22:55:15","slug":"sugestoes","status":"publish","type":"page","link":"https:\/\/rodrilab.com\/de\/sugestoes\/","title":{"rendered":"Vorschl\u00e4ge"},"content":{"rendered":"<div class=\"wpb-content-wrapper\"><div class=\"vc_row wpb_row vc_row-fluid\"><div class=\"wpb_column vc_column_container vc_col-sm-12\"><div class=\"vc_column-inner\"><div class=\"wpb_wrapper\">\n\t<div class=\"wpb_text_column wpb_content_element\" >\n\t\t<div class=\"wpb_wrapper\">\n\t\t\t<p style=\"text-align: center;\"><em><strong>Ihre Meinung ist uns sehr wichtig!<\/strong><\/em><br \/>\nUm unsere Produkte und Dienstleistungen stetig zu verbessern, sind wir auf Ihre Unterst\u00fctzung angewiesen.<br \/>\nIhre Vorschl\u00e4ge sind wertvoll, da sie uns helfen, Ihre Bed\u00fcrfnisse und Erwartungen besser zu verstehen.<br \/>\nWir danken Ihnen, dass Sie Ihre Ideen und Anregungen mit uns teilen \u2013 so k\u00f6nnen wir Ihnen einen exzellenten Service bieten.<br \/>\nBitte hinterlassen Sie Ihre Vorschl\u00e4ge.<\/p>\n\n\t\t<\/div>\n\t<\/div>\n\n<div class=\"wpcf7 no-js\" id=\"wpcf7-f18723-o1\" lang=\"pt-PT\" dir=\"ltr\" data-wpcf7-id=\"18723\">\n<div class=\"screen-reader-response\"><p role=\"status\" aria-live=\"polite\" aria-atomic=\"true\"><\/p> <ul><\/ul><\/div>\n<form action=\"\/de\/wp-json\/wp\/v2\/pages\/18720#wpcf7-f18723-o1\" method=\"post\" class=\"wpcf7-form init\" aria-label=\"Formul\u00e1rio de contacto\" enctype=\"multipart\/form-data\" novalidate=\"novalidate\" data-status=\"init\" data-trp-original-action=\"\/de\/wp-json\/wp\/v2\/pages\/18720#wpcf7-f18723-o1\">\n<fieldset class=\"hidden-fields-container\"><input type=\"hidden\" name=\"_wpcf7\" value=\"18723\" \/><input type=\"hidden\" name=\"_wpcf7_version\" value=\"6.1.5\" \/><input type=\"hidden\" name=\"_wpcf7_locale\" value=\"pt_PT\" \/><input type=\"hidden\" name=\"_wpcf7_unit_tag\" value=\"wpcf7-f18723-o1\" \/><input type=\"hidden\" name=\"_wpcf7_container_post\" value=\"0\" \/><input type=\"hidden\" name=\"_wpcf7_posted_data_hash\" value=\"\" \/>\n<\/fieldset>\n<p><label for=\"your-name\" class=\"gone\"> Name *<\/label><br \/>\n<span class=\"wpcf7-form-control-wrap\" data-name=\"your-name\"><input size=\"40\" maxlength=\"400\" class=\"wpcf7-form-control wpcf7-text wpcf7-validates-as-required\" id=\"your-name\" aria-required=\"true\" aria-invalid=\"false\" placeholder=\"Name\" value=\"\" type=\"text\" name=\"your-name\" \/><\/span>\n<\/p>\n<p><label for=\"your-email\" class=\"gone\"> E-Mail *<\/label><br \/>\n<span class=\"wpcf7-form-control-wrap\" data-name=\"your-email\"><input size=\"40\" maxlength=\"400\" class=\"wpcf7-form-control wpcf7-email wpcf7-validates-as-required wpcf7-text wpcf7-validates-as-email\" id=\"your-email\" aria-required=\"true\" aria-invalid=\"false\" placeholder=\"E-Mail\" value=\"\" type=\"email\" name=\"your-email\" \/><\/span>\n<\/p>\n<p><label for=\"your-subject\" class=\"gone\"> Betreff \/ Thema *<\/label><br \/>\n<span class=\"wpcf7-form-control-wrap\" data-name=\"your-subject\"><select class=\"wpcf7-form-control wpcf7-select wpcf7-validates-as-required\" aria-required=\"true\" aria-invalid=\"false\" name=\"your-subject\"><option value=\"Produtos\">Produtos<\/option><option value=\"Software\">Software<\/option><option value=\"Website\">Website<\/option><option value=\"Servi\u00e7os\">Servi\u00e7os<\/option><option value=\"Outro\">Outro<\/option><\/select><\/span>\n<\/p>\n<p><label for=\"e-cliente\" class=\"gone\"> Sind Sie Kunde? *<\/label><br \/>\n<span class=\"wpcf7-form-control-wrap\" data-name=\"e-cliente\"><span class=\"wpcf7-form-control wpcf7-radio\"><span class=\"wpcf7-list-item first\"><label><input type=\"radio\" name=\"e-cliente\" value=\"Sim\" \/><span class=\"wpcf7-list-item-label\">Ja<\/span><\/label><\/span><span class=\"wpcf7-list-item last\"><label><input type=\"radio\" name=\"e-cliente\" value=\"N\u00e3o\" \/><span class=\"wpcf7-list-item-label\">Nein<\/span><\/label><\/span><\/span><\/span>\n<\/p>\n<p><label for=\"your-message\" class=\"gone\"> Nachricht *<\/label><br \/>\n<span class=\"wpcf7-form-control-wrap\" data-name=\"your-message\"><textarea cols=\"40\" rows=\"10\" maxlength=\"2000\" class=\"wpcf7-form-control wpcf7-textarea wpcf7-validates-as-required\" id=\"your-message\" aria-required=\"true\" aria-invalid=\"false\" placeholder=\"Nachricht *\" name=\"your-message\"><\/textarea><\/span>\n<\/p>\n<p><label for=\"ficheiro\" class=\"gone\"> Datei (Bild oder Video bis zu 5\u202fMB)<\/label><br \/>\n<span class=\"wpcf7-form-control-wrap\" data-name=\"ficheiro\"><input size=\"40\" class=\"wpcf7-form-control wpcf7-file\" accept=\"audio\/*,video\/*,image\/*\" aria-invalid=\"false\" type=\"file\" name=\"ficheiro\" \/><\/span>\n<\/p>\n<p class=\"termos\"><span class=\"wpcf7-form-control-wrap\" data-name=\"acceptance-88\"><span class=\"wpcf7-form-control wpcf7-acceptance\"><span class=\"wpcf7-list-item\"><label><input type=\"checkbox\" name=\"acceptance-88\" value=\"1\" aria-invalid=\"false\" \/><span class=\"wpcf7-list-item-label\">Ich habe die ... gelesen und akzeptiere sie <a target=\"_blank\" href=\"\/termos-e-condicoes\/\">Allgemeine Gesch\u00e4ftsbedingungen<\/a>.<\/span><\/label><\/span><\/span><\/span>\n<\/p>\n<p><input class=\"wpcf7-form-control wpcf7-submit has-spinner\" type=\"submit\" value=\"Senden\" \/>\n<\/p><div class=\"wpcf7-response-output\" aria-hidden=\"true\"><\/div>\n<input type=\"hidden\" name=\"trp-form-language\" value=\"de\"\/><\/form>\n<\/div>\n<\/div><\/div><\/div><\/div>\n<\/div>","protected":false},"excerpt":{"rendered":"A sua opini\u00e3o \u00e9 essencial para n\u00f3s! Para melhorar continuamente os nossos produtos e servi\u00e7os, contamos com a sua ajuda.","protected":false},"author":56,"featured_media":0,"parent":0,"menu_order":0,"comment_status":"closed","ping_status":"closed","template":"","meta":{"rs_blank_template":"","rs_page_bg_color":"","slide_template_v7":"","inline_featured_image":false,"footnotes":""},"class_list":["post-18720","page","type-page","status-publish","hentry"],"_links":{"self":[{"href":"https:\/\/rodrilab.com\/de\/wp-json\/wp\/v2\/pages\/18720","targetHints":{"allow":["GET"]}}],"collection":[{"href":"https:\/\/rodrilab.com\/de\/wp-json\/wp\/v2\/pages"}],"about":[{"href":"https:\/\/rodrilab.com\/de\/wp-json\/wp\/v2\/types\/page"}],"author":[{"embeddable":true,"href":"https:\/\/rodrilab.com\/de\/wp-json\/wp\/v2\/users\/56"}],"replies":[{"embeddable":true,"href":"https:\/\/rodrilab.com\/de\/wp-json\/wp\/v2\/comments?post=18720"}],"version-history":[{"count":0,"href":"https:\/\/rodrilab.com\/de\/wp-json\/wp\/v2\/pages\/18720\/revisions"}],"wp:attachment":[{"href":"https:\/\/rodrilab.com\/de\/wp-json\/wp\/v2\/media?parent=18720"}],"curies":[{"name":"wp","href":"https:\/\/api.w.org\/{rel}","templated":true}]}}