{"id":18560,"date":"2024-12-25T17:46:10","date_gmt":"2024-12-25T17:46:10","guid":{"rendered":"https:\/\/rodrilab.com\/?page_id=18560"},"modified":"2024-12-25T17:48:59","modified_gmt":"2024-12-25T17:48:59","slug":"politica-de-monstruario","status":"publish","type":"page","link":"https:\/\/rodrilab.com\/de\/politica-de-monstruario\/","title":{"rendered":"Musterpolitik"},"content":{"rendered":"<p><strong>Rabatt auf Musterprodukte<\/strong><\/p>\n<p>Die Pr\u00e4sentation Ihrer finalen Arbeiten in hochwertigen Produkten mit beeindruckenden Ausf\u00fchrungen ist eine hervorragende M\u00f6glichkeit, den Verkauf zu steigern und die Aufmerksamkeit Ihrer Kunden zu gewinnen.<\/p>\n<p>Die Verwendung von Musterprodukten ist das perfekte Werkzeug daf\u00fcr, da sie zeigt, wie wichtig es ist, Erinnerungen festzuhalten und aufzubewahren. Die beste Art, eine Geschichte zu erz\u00e4hlen, ist die Kombination aus der Hingabe und dem K\u00f6nnen eines professionellen Fotografen mit Produkten, die die Details und Emotionen der erz\u00e4hlten Geschichte hervorheben.<\/p>\n<p>Wir sind bestrebt, Ihren einzigartigen Stil und Ihre Arbeitsweise in Produkten widerzuspiegeln, die das Endergebnis einer gro\u00dfartigen Foto- oder Videoproduktion darstellen.<\/p>\n<hr \/>\n<h2 class=\"accordion-header\"><strong><button class=\"accordion-button\" type=\"button\" aria-expanded=\"true\"><span class=\"panel-title\">Gibt es einen Unterschied zwischen einem Produkt und einem Musterprodukt?<\/span><\/button><\/strong><\/h2>\n<div class=\"accordion-collapse collapse show\">\n<div class=\"whitespace-pre-line accordion-body\">Der einzige Unterschied zwischen einem Originalprodukt und einem Musterprodukt ist das \u201eSample\u201c-Siegel, das es als Ausstellungsst\u00fcck kennzeichnet.<\/div>\n<\/div>\n<div>\n<hr \/>\n<\/div>\n<div><\/div>\n<div>\n<h2 class=\"accordion-header\"><strong><button class=\"accordion-button\" type=\"button\" aria-expanded=\"true\"><span class=\"panel-title\">Wo wird das \"Sample\"-Siegel angebracht?<\/span><\/button><\/strong><\/h2>\n<div class=\"accordion-collapse collapse show\">\n<div class=\"whitespace-pre-line accordion-body\">O local onde o selo sample \u00e9 colocado pode variar de acordo com o produto encomendado e as necessidades espec\u00edficas de cada situa\u00e7\u00e3o. A Rodrilab reserva-se ao direito de alterar a disposi\u00e7\u00e3o do selo sample sem aviso pr\u00e9vio.<\/div>\n<div>\n<hr \/>\n<\/div>\n<div><\/div>\n<\/div>\n<div>\n<h2 class=\"accordion-header\"><strong><button class=\"accordion-button\" type=\"button\" aria-expanded=\"true\"><span class=\"panel-title\">Bieten Sie Rabatte auf Musterprodukte an?<\/span><\/button><\/strong><\/h2>\n<div class=\"accordion-collapse collapse show\">\n<div class=\"whitespace-pre-line accordion-body\">Ja, alle als Muster bestellten B\u00fccher erhalten 50 % Rabatt, und Produkte aus den Kategorien Dekoration, Erinnerungsst\u00fccke und Zubeh\u00f6r erhalten 30 % Rabatt.<\/div>\n<div>\n<hr \/>\n<\/div>\n<div><\/div>\n<\/div>\n<div>\n<h2 class=\"accordion-header\"><strong><button class=\"accordion-button\" type=\"button\" aria-expanded=\"true\"><span class=\"panel-title\">Wer kann vom Muster-Rabatt profitieren?<\/span><\/button><\/strong><\/h2>\n<div class=\"accordion-collapse collapse show\">\n<div class=\"whitespace-pre-line accordion-body\">Alle bei Rodrilab registrierten Kunden k\u00f6nnen davon profitieren, sofern die Bestellung mit unserer Musterprodukt-Richtlinie \u00fcbereinstimmt.<\/div>\n<div>\n<hr \/>\n<\/div>\n<div><\/div>\n<div>\n<h2 class=\"accordion-header\"><strong><button class=\"accordion-button\" type=\"button\" aria-expanded=\"true\"><span class=\"panel-title\">Wie lange ist die Produktionszeit f\u00fcr Musterbestellungen?<\/span><\/button><\/strong><\/h2>\n<div class=\"accordion-collapse collapse show\">\n<div class=\"whitespace-pre-line accordion-body\">Musterbestellungen ben\u00f6tigen 8 bis 15 Werktage f\u00fcr die Produktion, au\u00dfer in Feiertagszeiten, in denen die festgelegten Produktionszeiten f\u00fcr das jeweilige Produkt gelten.<\/div>\n<\/div>\n<\/div>\n<div>\n<hr \/>\n<\/div>\n<div>\n<div class=\"accordion-collapse collapse show\">\n<div>\n<h2 class=\"accordion-header\"><strong><button class=\"accordion-button\" type=\"button\" aria-expanded=\"true\"><span class=\"panel-title\">Gibt es Einschr\u00e4nkungen bei der Bestellung von Musterb\u00fcchern?<\/span><\/button><\/strong><\/h2>\n<div class=\"accordion-collapse collapse show\">\n<div class=\"whitespace-pre-line accordion-body\">Um einen fairen Zugang zu Musterprodukten zu gew\u00e4hrleisten, wurde ein Limit von 3 Musterb\u00fcchern pro Jahr und Kunde festgelegt. In besonderen F\u00e4llen kann jedoch der Kundenservice kontaktiert werden, um eine zus\u00e4tzliche Pr\u00fcfung zu beantragen.<\/div>\n<div>\n<hr \/>\n<\/div>\n<div>\n<h2 class=\"accordion-header\"><button class=\"accordion-button\" type=\"button\" aria-expanded=\"true\"><span class=\"panel-title\">Wie kann ich den Rabatt f\u00fcr Musterb\u00fccher erhalten?<\/span><\/button><\/h2>\n<div class=\"accordion-collapse collapse show\">\n<div class=\"whitespace-pre-line accordion-body\">Um den Rabatt f\u00fcr Musterb\u00fccher zu erhalten, m\u00fcssen Sie vor dem Bezahlen die entsprechende Option im angegebenen Feld ausw\u00e4hlen.<\/div>\n<div>\n<hr \/>\n<\/div>\n<div>\n<h2 class=\"accordion-header\"><button class=\"accordion-button\" type=\"button\" aria-expanded=\"true\"><span class=\"panel-title\">Gibt es Einschr\u00e4nkungen bei Musterbestellungen f\u00fcr andere Produkte als B\u00fccher?<\/span><\/button><\/h2>\n<div class=\"accordion-collapse collapse show\">\n<div class=\"whitespace-pre-line accordion-body\">Um eine verantwortungsvolle Nutzung zu gew\u00e4hrleisten, k\u00f6nnen bis zu 3 Musterprodukte aus den Kategorien Alben, Dekoration, Erinnerungsst\u00fccke und Zubeh\u00f6r bestellt werden.<\/div>\n<div>\n<hr \/>\n<\/div>\n<div>\n<h2 class=\"accordion-header\"><button class=\"accordion-button\" type=\"button\" aria-expanded=\"true\"><span class=\"panel-title\">Ist es m\u00f6glich, den Muster-Rabatt nach Abschluss meiner Bestellung zu beantragen?<\/span><\/button><\/h2>\n<div class=\"accordion-collapse collapse show\">\n<div class=\"whitespace-pre-line accordion-body\">Nein, der Muster-Rabatt wird nur w\u00e4hrend des Bestellvorgangs gew\u00e4hrt. Es ist nicht m\u00f6glich, ein Produkt nach der Bearbeitung und\/oder Produktion der Bestellung als Muster zu kennzeichnen.<\/div>\n<div>\n<hr \/>\n<\/div>\n<div>\n<h2 class=\"accordion-header\"><button class=\"accordion-button\" type=\"button\" aria-expanded=\"true\"><span class=\"panel-title\">Kann ich ein Musterprodukt zu jeder Jahreszeit bestellen?<\/span><\/button><\/h2>\n<div class=\"accordion-collapse collapse show\">\n<div class=\"whitespace-pre-line accordion-body\">Ja, das ist m\u00f6glich. Es gibt keine zeitlichen Einschr\u00e4nkungen f\u00fcr Musterbestellungen \u2014 Sie k\u00f6nnen Ihre Bestellung jederzeit im Jahr aufgeben. Bitte beachten Sie jedoch, dass sich die Produktionszeit in Zeiten mit hohem Bestellaufkommen verl\u00e4ngern kann.<\/div>\n<div>\n<hr \/>\n<\/div>\n<div>\n<h2 class=\"accordion-header\"><button class=\"accordion-button\" type=\"button\" aria-expanded=\"true\"><span class=\"panel-title\">Kann ich den Muster-Rabatt mit anderen Aktionen oder Rabatten kombinieren?<\/span><\/button><\/h2>\n<div class=\"accordion-collapse collapse show\">\n<div class=\"whitespace-pre-line accordion-body\">Der Muster-Rabatt kann nicht mit anderen aktuellen Angeboten oder Rabatten kombiniert werden.<\/div>\n<div>\n<hr \/>\n<\/div>\n<div>\n<h2 class=\"accordion-header\"><button class=\"accordion-button\" type=\"button\" aria-expanded=\"true\"><span class=\"panel-title\">Kann meine Bestellung abgelehnt werden?<\/span><\/button><\/h2>\n<div class=\"accordion-collapse collapse show\">\n<div class=\"whitespace-pre-line accordion-body\">Rodrilab bietet diesen Rabatt an, damit Sie Ihre Musterprodukte diversifizieren oder erneuern und dadurch den Verkauf an Ihre Kunden steigern k\u00f6nnen. Wir behalten uns das Recht vor, Bestellungen zu stornieren, die diesem Zweck nicht entsprechen. Rodrilab beh\u00e4lt sich au\u00dferdem das Recht vor, Bestellungen von Produkten zu stornieren, die nicht mit unserer Musterprodukt-Richtlinie \u00fcbereinstimmen und\/oder nicht im Einklang mit dem T\u00e4tigkeitsbereich des jeweiligen Fotografen stehen.<\/div>\n<div>\n<hr \/>\n<\/div>\n<div>\n<h2 class=\"accordion-header\"><button class=\"accordion-button\" type=\"button\" aria-expanded=\"true\"><span class=\"panel-title\">Kann ich Musterprodukte zusammen mit regul\u00e4ren Produkten bestellen?<\/span><\/button><\/h2>\n<div class=\"accordion-collapse collapse show\">\n<div class=\"whitespace-pre-line accordion-body\">Wenn Sie Musterprodukte bestellen, sollten Sie keine anderen Produkte hinzuf\u00fcgen, da die Auswahl der Musteroption auf die gesamte Bestellung angewendet wird und alle Produkte als Musterprodukte gelten.<\/div>\n<div>\n<hr \/>\n<\/div>\n<div>\n<h2 class=\"accordion-header\"><button class=\"accordion-button\" type=\"button\" aria-expanded=\"true\"><span class=\"panel-title\">Produkte mit Muster-Rabatt:<\/span><\/button><\/h2>\n<div class=\"accordion-collapse collapse show\">\n<div class=\"whitespace-pre-line accordion-body\">Alle Rodrilab-Produkte.<\/div>\n<\/div>\n<\/div>\n<\/div>\n<\/div>\n<\/div>\n<\/div>\n<\/div>\n<\/div>\n<\/div>\n<\/div>\n<\/div>\n<\/div>\n<\/div>\n<\/div>\n<\/div>\n<\/div>\n<\/div>\n<\/div>\n<\/div>\n<\/div>\n<\/div>\n<\/div>\n<\/div>\n<\/div>","protected":false},"excerpt":{"rendered":"<p>Desconto Produtos Mostru\u00e1rio. Expor os seus trabalhos finais em produtos de alta qualidade e acabamentos incr\u00edveis \u00e9 uma excelente maneira<\/p>","protected":false},"author":87,"featured_media":0,"parent":0,"menu_order":0,"comment_status":"closed","ping_status":"closed","template":"","meta":{"rs_blank_template":"","rs_page_bg_color":"","slide_template_v7":"","inline_featured_image":false,"footnotes":""},"class_list":["post-18560","page","type-page","status-publish","hentry"],"_links":{"self":[{"href":"https:\/\/rodrilab.com\/de\/wp-json\/wp\/v2\/pages\/18560","targetHints":{"allow":["GET"]}}],"collection":[{"href":"https:\/\/rodrilab.com\/de\/wp-json\/wp\/v2\/pages"}],"about":[{"href":"https:\/\/rodrilab.com\/de\/wp-json\/wp\/v2\/types\/page"}],"author":[{"embeddable":true,"href":"https:\/\/rodrilab.com\/de\/wp-json\/wp\/v2\/users\/87"}],"replies":[{"embeddable":true,"href":"https:\/\/rodrilab.com\/de\/wp-json\/wp\/v2\/comments?post=18560"}],"version-history":[{"count":0,"href":"https:\/\/rodrilab.com\/de\/wp-json\/wp\/v2\/pages\/18560\/revisions"}],"wp:attachment":[{"href":"https:\/\/rodrilab.com\/de\/wp-json\/wp\/v2\/media?parent=18560"}],"curies":[{"name":"wp","href":"https:\/\/api.w.org\/{rel}","templated":true}]}}